{"id":487,"date":"2024-09-13T10:33:53","date_gmt":"2024-09-13T08:33:53","guid":{"rendered":"https:\/\/aasa.ch\/update24\/prodotti\/"},"modified":"2025-01-09T22:30:39","modified_gmt":"2025-01-09T21:30:39","slug":"produits","status":"publish","type":"page","link":"https:\/\/aasa.ch\/fr\/produits\/","title":{"rendered":"Produits"},"content":{"rendered":"\n<div class=\"wp-block-cover alignfull cover-home has-white-color has-text-color has-link-color wp-elements-58faa4b4d240c4a2f3ebf953f3e4115d\"><span aria-hidden=\"true\" class=\"wp-block-cover__background has-background-dim-70 has-background-dim\" style=\"background-color:#272e3b\"><\/span><img loading=\"lazy\" decoding=\"async\" width=\"2000\" height=\"638\" class=\"wp-block-cover__image-background wp-image-182\" alt=\"\" src=\"https:\/\/aasa.ch\/update24\/wp-content\/uploads\/2024\/09\/testata-aasa-prodotti-1.jpg\" data-object-fit=\"cover\" srcset=\"https:\/\/aasa.ch\/update24\/wp-content\/uploads\/2024\/09\/testata-aasa-prodotti-1.jpg 2000w, https:\/\/aasa.ch\/update24\/wp-content\/uploads\/2024\/09\/testata-aasa-prodotti-1-250x80.jpg 250w, https:\/\/aasa.ch\/update24\/wp-content\/uploads\/2024\/09\/testata-aasa-prodotti-1-600x191.jpg 600w, https:\/\/aasa.ch\/update24\/wp-content\/uploads\/2024\/09\/testata-aasa-prodotti-1-1024x327.jpg 1024w, https:\/\/aasa.ch\/update24\/wp-content\/uploads\/2024\/09\/testata-aasa-prodotti-1-768x245.jpg 768w, https:\/\/aasa.ch\/update24\/wp-content\/uploads\/2024\/09\/testata-aasa-prodotti-1-1536x490.jpg 1536w\" sizes=\"auto, (max-width: 2000px) 100vw, 2000px\" \/><div class=\"wp-block-cover__inner-container is-layout-constrained wp-block-cover-is-layout-constrained\">\n<div class=\"wp-block-columns wrapper content-padding first-content is-layout-flex wp-container-core-columns-is-layout-9d6595d7 wp-block-columns-is-layout-flex\">\n<div class=\"wp-block-column is-layout-flow wp-block-column-is-layout-flow\">\n<h1 class=\"wp-block-heading has-text-align-center normal\">Nos produits<\/h1>\n\n\n\n<h2 class=\"wp-block-heading has-text-align-center bigger no-margin-bottom\" data-aos=\"zoom-out\" data-aos-duration=\"500\"><strong>Mat\u00e9riel et pi\u00e8ces de rechange pour tous les v\u00e9hicules<\/strong><div class=\"mk-page-section-wrapper\" style=\"margin: 0px -15px; padding: 0px; border: 0px; vertical-align: baseline; font-size: 15px; display: flex; -webkit-box-orient: horizontal; -webkit-box-direction: normal; flex-direction: row; color: rgb(51, 51, 51); font-family: &quot;Open Sans&quot;; font-weight: 400; text-align: start; white-space-collapse: collapse; position: relative; width: 1905px; left: -257.5px;\" data-mk-full-width=\"true\" data-mk-full-width-init=\"true\" data-mk-stretch-content=\"true\"><div id=\"page-section-8\" class=\"mk-page-section self-hosted full_layout full-width-8 js-el js-master-row center-y mk-in-viewport\" data-intro-effect=\"false\" style=\"margin: 0px; padding: 0px; border: 0px; vertical-align: baseline; display: flex; -webkit-box-align: center; align-items: center; position: relative; width: 1905px; min-height: 100px; z-index: 99; height: auto !important;\"><\/div><\/div><div class=\"mk-page-section-wrapper\" data-mk-full-width=\"true\" data-mk-full-width-init=\"true\" data-mk-stretch-content=\"true\" style=\"margin: 0px -15px; padding: 0px; border: 0px; vertical-align: baseline; font-size: 15px; display: flex; -webkit-box-orient: horizontal; -webkit-box-direction: normal; flex-direction: row; color: rgb(51, 51, 51); font-family: &quot;Open Sans&quot;; font-weight: 400; text-align: start; white-space-collapse: collapse; position: relative; width: 1466px; left: -38px;\"><\/div><div class=\"mk-page-section-wrapper\" data-mk-full-width=\"true\" data-mk-full-width-init=\"true\" data-mk-stretch-content=\"true\" style=\"margin: 0px -15px; padding: 0px; border: 0px; vertical-align: baseline; font-size: 15px; display: flex; -webkit-box-orient: horizontal; -webkit-box-direction: normal; flex-direction: row; color: rgb(51, 51, 51); font-family: &quot;Open Sans&quot;; font-weight: 400; text-align: start; white-space-collapse: collapse; position: relative; width: 2100px; left: -355px;\"><\/div><\/h2>\n<\/div>\n<\/div>\n<\/div><\/div>\n\n\n\n<div class=\"wp-block-columns alignfull narrow-wrapper content-padding is-layout-flex wp-container-core-columns-is-layout-9d6595d7 wp-block-columns-is-layout-flex\">\n<div class=\"wp-block-column is-layout-flow wp-block-column-is-layout-flow\">\n<p>Chez AUTOACCESSORIO SA, vous trouverez tout le n\u00e9cessaire pour l\u2019automobile : des pi\u00e8ces de rechange aux accessoires pour n\u2019importe quel mod\u00e8le de voiture en circulation, en passant par l\u2019\u00e9quipement, les pi\u00e8ces d\u2019usure et les consommables pour la carrosserie et le secteur de l\u2019industrie nautique et du b\u00e2timent. En outre, la commercialisation de v\u00e9hicules, d\u2019accessoires et de pi\u00e8ces de rechange pour le secteur agricole a \u00e9t\u00e9 introduite ces derni\u00e8res ann\u00e9es.<\/p>\n\n\n\n<p>Tout cela gr\u00e2ce \u00e0 la collaboration, consolid\u00e9e au fil des ans, avec les principaux fournisseurs pr\u00e9sents sur le march\u00e9.<\/p>\n\n\n\n<div class=\"wp-block-buttons is-layout-flex wp-block-buttons-is-layout-flex\">\n<div class=\"wp-block-button\" data-aos=\"slide-up\"><a class=\"wp-block-button__link has-white-color has-text-color has-background has-link-color wp-element-button\" href=\"#info\" style=\"border-radius:5px;background-color:#e63946\">D\u00c9COUVREZ NOS PRODUITS<\/a><\/div>\n<\/div>\n<\/div>\n\n\n\n<div class=\"wp-block-column is-layout-flow wp-block-column-is-layout-flow\">\n<p>Gr\u00e2ce au vaste choix de mat\u00e9riel disponible et \u00e0 la possibilit\u00e9 de livrer en peu de temps et de fa\u00e7on s\u00fbre partout en Suisse, nous satisfaisons rapidement toutes les exigences.<\/p>\n\n\n\n<p>Si vous ne trouvez pas ce que vous cherchez, n\u2019h\u00e9sitez pas \u00e0 nous contacter : une \u00e9quipe de conseillers sp\u00e9cialis\u00e9s est pr\u00eate \u00e0 vous \u00e9couter et \u00e0 satisfaire toutes vos exigences.<\/p>\n<\/div>\n<\/div>\n\n\n\n<div class=\"wp-block-columns alignfull wrapper reverse is-layout-flex wp-container-core-columns-is-layout-9d6595d7 wp-block-columns-is-layout-flex\">\n<div class=\"wp-block-column is-layout-flow wp-block-column-is-layout-flow\"><div class=\"wp-block-image\">\n<figure class=\"aligncenter size-large\"><img loading=\"lazy\" decoding=\"async\" width=\"1020\" height=\"1024\" src=\"https:\/\/aasa.ch\/update24\/wp-content\/uploads\/2024\/09\/prodotti-aasa-news-1020x1024.jpg\" alt=\"\" class=\"wp-image-185\" srcset=\"https:\/\/aasa.ch\/update24\/wp-content\/uploads\/2024\/09\/prodotti-aasa-news-1020x1024.jpg 1020w, https:\/\/aasa.ch\/update24\/wp-content\/uploads\/2024\/09\/prodotti-aasa-news-250x250.jpg 250w, https:\/\/aasa.ch\/update24\/wp-content\/uploads\/2024\/09\/prodotti-aasa-news-600x602.jpg 600w, https:\/\/aasa.ch\/update24\/wp-content\/uploads\/2024\/09\/prodotti-aasa-news-150x150.jpg 150w, https:\/\/aasa.ch\/update24\/wp-content\/uploads\/2024\/09\/prodotti-aasa-news-768x771.jpg 768w, https:\/\/aasa.ch\/update24\/wp-content\/uploads\/2024\/09\/prodotti-aasa-news.jpg 1024w\" sizes=\"auto, (max-width: 1020px) 100vw, 1020px\" \/><\/figure>\n<\/div><\/div>\n\n\n\n<div class=\"wp-block-column is-vertically-aligned-center dark box-padding has-background is-layout-flow wp-block-column-is-layout-flow\" style=\"background-color:#364156\">\n<h2 class=\"wp-block-heading\" id=\"fancy-title-24\"><strong>Pourquoi faire confiance \u00e0<\/strong><br><strong>AUTOACCESSORIO SA<\/strong><\/h2>\n\n\n\n<ul class=\"wp-block-list\">\n<li>Des produits des meilleures marques<\/li>\n\n\n\n<li>Garantie de 2 ans<\/li>\n\n\n\n<li>Du mat\u00e9riel imm\u00e9diatement disponible<\/li>\n\n\n\n<li>Exp\u00e9dition partout en Suisse<\/li>\n\n\n\n<li>Personnel sp\u00e9cialis\u00e9<\/li>\n\n\n\n<li>Rapidit\u00e9 et qualit\u00e9 au premier plan<\/li>\n<\/ul>\n<\/div>\n<\/div>\n\n\n\n<div class=\"wp-block-columns alignfull no-gap is-layout-flex wp-container-core-columns-is-layout-9d6595d7 wp-block-columns-is-layout-flex\" id=\"ricambi\">\n<div class=\"wp-block-column bg-ricambi is-layout-flow wp-block-column-is-layout-flow\" style=\"flex-basis:50%\"><\/div>\n\n\n\n<div class=\"wp-block-column wrap-right content-padding has-background is-layout-flow wp-block-column-is-layout-flow\" style=\"background-color:#abb7c233\">\n<figure class=\"wp-block-image size-full\"><img loading=\"lazy\" decoding=\"async\" width=\"134\" height=\"85\" src=\"https:\/\/aasa.ch\/update24\/wp-content\/uploads\/2024\/09\/mmps.jpg\" alt=\"\" class=\"wp-image-189\"\/><\/figure>\n\n\n\n<div style=\"height:20px\" aria-hidden=\"true\" class=\"wp-block-spacer\"><\/div>\n\n\n\n<h2 class=\"wp-block-heading\" id=\"fancy-title-20\">Pi\u00e8ces de rechange auto<\/h2>\n\n\n\n<p>Un large assortiment de pi\u00e8ces de rechange automobiles des meilleures marques, s\u00e9lectionn\u00e9es pour leur excellente qualit\u00e9, leur fiabilit\u00e9 et leur garantie de dur\u00e9e dans le temps.<\/p>\n\n\n\n<ul class=\"wp-block-list\">\n<li><\/li>\n<\/ul>\n\n\n\n<div class=\"wp-block-columns is-layout-flex wp-container-core-columns-is-layout-9d6595d7 wp-block-columns-is-layout-flex\">\n<div class=\"wp-block-column is-layout-flow wp-block-column-is-layout-flow\">\n<ul class=\"wp-block-list\">\n<li>Amortisseurs<\/li>\n\n\n\n<li>Pompes eau huile essence<\/li>\n\n\n\n<li>Disques, tambours, jeux de garnitures et jeux de machoires<\/li>\n\n\n\n<li>Kit roulements de roues<\/li>\n\n\n\n<li>Joints<\/li>\n<\/ul>\n<\/div>\n\n\n\n<div class=\"wp-block-column is-layout-flow wp-block-column-is-layout-flow\">\n<ul class=\"wp-block-list\">\n<li>D\u00e9marreurs et alternateurs<\/li>\n\n\n\n<li>Senseurs, sondes et interrupteur<\/li>\n\n\n\n<li>Batteries<\/li>\n\n\n\n<li>T\u00f4les<\/li>\n\n\n\n<li>\u00c9clairage<\/li>\n<\/ul>\n<\/div>\n<\/div>\n\n\n\n<div class=\"wp-block-buttons is-layout-flex wp-block-buttons-is-layout-flex\">\n<div class=\"wp-block-button\" data-aos=\"slide-up\"><a class=\"wp-block-button__link has-white-color has-text-color has-background has-link-color wp-element-button\" href=\"#info\" style=\"border-radius:5px;background-color:#e63946\">DEMANDE D\u2019INFORMATIONS<\/a><\/div>\n<\/div>\n<\/div>\n<\/div>\n\n\n\n<div class=\"wp-block-columns alignfull no-gap reverse is-layout-flex wp-container-core-columns-is-layout-9d6595d7 wp-block-columns-is-layout-flex\" id=\"carrozzeria\">\n<div class=\"wp-block-column wrap-left content-padding has-background is-layout-flow wp-block-column-is-layout-flow\" style=\"background-color:#abb7c233\">\n<div class=\"wp-block-columns is-not-stacked-on-mobile is-layout-flex wp-container-core-columns-is-layout-9d6595d7 wp-block-columns-is-layout-flex\">\n<div class=\"wp-block-column is-vertically-aligned-center is-layout-flow wp-block-column-is-layout-flow\" style=\"flex-basis:18.75%\">\n<figure class=\"wp-block-image size-full\"><img loading=\"lazy\" decoding=\"async\" width=\"208\" height=\"90\" src=\"https:\/\/aasa.ch\/update24\/wp-content\/uploads\/2024\/09\/logo-abrex.png\" alt=\"\" class=\"wp-image-197\"\/><\/figure>\n<\/div>\n\n\n\n<div class=\"wp-block-column is-vertically-aligned-center is-layout-flow wp-block-column-is-layout-flow\" style=\"flex-basis:18.75%\">\n<figure class=\"wp-block-image size-full\"><img loading=\"lazy\" decoding=\"async\" width=\"208\" height=\"90\" src=\"https:\/\/aasa.ch\/update24\/wp-content\/uploads\/2024\/09\/logo-chimica-cbr.png\" alt=\"\" class=\"wp-image-199\"\/><\/figure>\n<\/div>\n\n\n\n<div class=\"wp-block-column is-vertically-aligned-center is-layout-flow wp-block-column-is-layout-flow\" style=\"flex-basis:25%\">\n<figure class=\"wp-block-image size-full\"><img loading=\"lazy\" decoding=\"async\" width=\"208\" height=\"90\" src=\"https:\/\/aasa.ch\/update24\/wp-content\/uploads\/2024\/09\/logo-fenice.png\" alt=\"\" class=\"wp-image-200\"\/><\/figure>\n<\/div>\n\n\n\n<div class=\"wp-block-column is-vertically-aligned-center is-layout-flow wp-block-column-is-layout-flow\">\n<figure class=\"wp-block-image size-full\"><img loading=\"lazy\" decoding=\"async\" width=\"208\" height=\"90\" src=\"https:\/\/aasa.ch\/update24\/wp-content\/uploads\/2024\/09\/logo-mirka-col.png\" alt=\"\" class=\"wp-image-201\"\/><\/figure>\n<\/div>\n<\/div>\n\n\n\n<div style=\"height:20px\" aria-hidden=\"true\" class=\"wp-block-spacer\"><\/div>\n\n\n\n<h2 class=\"wp-block-heading\" id=\"fancy-title-20\">Mat\u00e9riel carrosserie<\/h2>\n\n\n\n<p>Tout le mat\u00e9riel n\u00e9cessaire pour r\u00e9parer \u00e0 la perfection la carrosserie de tout type de voiture, de l\u2019utilitaire au break, en passant par le SUV et le coup\u00e9.<\/p>\n\n\n\n<ul class=\"wp-block-list\">\n<li>P\u00e2tes abrasives<\/li>\n\n\n\n<li>Diluant<\/li>\n\n\n\n<li>Surfacer<\/li>\n\n\n\n<li>Disques de papier vitr\u00e9<\/li>\n\n\n\n<li>Peintures<\/li>\n\n\n\n<li>Transparent<\/li>\n<\/ul>\n\n\n\n<div class=\"wp-block-buttons is-layout-flex wp-block-buttons-is-layout-flex\">\n<div class=\"wp-block-button\" data-aos=\"slide-up\"><a class=\"wp-block-button__link has-white-color has-text-color has-background has-link-color wp-element-button\" href=\"https:\/\/aasa.ch\/update24\/wp-content\/uploads\/2025\/01\/Catalogo-aasa-2024.pdf\" style=\"border-radius:5px;background-color:#457b9d\" target=\"_blank\" rel=\"noreferrer noopener\">T\u00c9L\u00c9CHARGER LE CATALOGUE<\/a><\/div>\n\n\n\n<div class=\"wp-block-button\" data-aos=\"slide-up\" data-aos-delay=\"100\"><a class=\"wp-block-button__link has-white-color has-text-color has-background has-link-color wp-element-button\" href=\"#info\" style=\"border-radius:5px;background-color:#e63946\">DEMANDE D\u2019INFORMATIONS<\/a><\/div>\n<\/div>\n<\/div>\n\n\n\n<div class=\"wp-block-column bg-carrozzeria is-layout-flow wp-block-column-is-layout-flow\" style=\"flex-basis:50%\"><\/div>\n<\/div>\n\n\n\n<div class=\"wp-block-columns alignfull no-gap is-layout-flex wp-container-core-columns-is-layout-9d6595d7 wp-block-columns-is-layout-flex\" id=\"attrezzatura\">\n<div class=\"wp-block-column bg-attrezzatura is-layout-flow wp-block-column-is-layout-flow\" style=\"flex-basis:50%\"><\/div>\n\n\n\n<div class=\"wp-block-column wrap-right content-padding has-background is-layout-flow wp-block-column-is-layout-flow\" style=\"background-color:#abb7c233\">\n<figure class=\"wp-block-image size-full\"><img loading=\"lazy\" decoding=\"async\" width=\"74\" height=\"90\" src=\"https:\/\/aasa.ch\/update24\/wp-content\/uploads\/2024\/09\/logo-meclubecol-1.png\" alt=\"\" class=\"wp-image-207\"\/><\/figure>\n\n\n\n<div style=\"height:20px\" aria-hidden=\"true\" class=\"wp-block-spacer\"><\/div>\n\n\n\n<h2 class=\"wp-block-heading\" id=\"fancy-title-20\"><strong>\u00c9quipement<\/strong><\/h2>\n\n\n\n<p>Le bon \u00e9quipement pour les garages et les ateliers permet d\u2019ex\u00e9cuter n\u2019importe quelle op\u00e9ration d\u2019entretien ou de r\u00e9paration sans perte de temps ni de ressources.<\/p>\n\n\n\n<div class=\"wp-block-columns is-layout-flex wp-container-core-columns-is-layout-9d6595d7 wp-block-columns-is-layout-flex\">\n<div class=\"wp-block-column is-layout-flow wp-block-column-is-layout-flow\">\n<ul class=\"wp-block-list\">\n<li>Distribution graisse<\/li>\n\n\n\n<li>Distribution huile<\/li>\n\n\n\n<li>Aspirateurs huile usag\u00e9e<\/li>\n\n\n\n<li>Compresseurs<\/li>\n\n\n\n<li>Soudade<\/li>\n<\/ul>\n<\/div>\n\n\n\n<div class=\"wp-block-column is-layout-flow wp-block-column-is-layout-flow\">\n<ul class=\"wp-block-list\">\n<li>Releveurs hydraulique<\/li>\n\n\n\n<li>Chevalets pour peinture<\/li>\n\n\n\n<li>Outils manuels<\/li>\n\n\n\n<li>Outils pneumatiques<\/li>\n\n\n\n<li>Pompes \u00e9lectriques<\/li>\n<\/ul>\n<\/div>\n<\/div>\n\n\n\n<div class=\"wp-block-buttons is-layout-flex wp-block-buttons-is-layout-flex\">\n<div class=\"wp-block-button\" data-aos=\"slide-up\"><a class=\"wp-block-button__link has-white-color has-text-color has-background has-link-color wp-element-button\" href=\"#info\" style=\"border-radius:5px;background-color:#e63946\">DEMANDE D\u2019INFORMATIONS<\/a><\/div>\n<\/div>\n<\/div>\n<\/div>\n\n\n\n<div class=\"wp-block-columns alignfull no-gap reverse is-layout-flex wp-container-core-columns-is-layout-9d6595d7 wp-block-columns-is-layout-flex\" id=\"minuteria\">\n<div class=\"wp-block-column wrap-left content-padding has-background is-layout-flow wp-block-column-is-layout-flow\" style=\"background-color:#abb7c233\">\n<div class=\"wp-block-columns is-not-stacked-on-mobile is-layout-flex wp-container-core-columns-is-layout-9d6595d7 wp-block-columns-is-layout-flex\">\n<div class=\"wp-block-column is-vertically-aligned-center is-layout-flow wp-block-column-is-layout-flow\" style=\"flex-basis:18.75%\">\n<figure class=\"wp-block-image size-full\"><img loading=\"lazy\" decoding=\"async\" width=\"208\" height=\"90\" src=\"https:\/\/aasa.ch\/update24\/wp-content\/uploads\/2024\/09\/logo-blinker.png\" alt=\"\" class=\"wp-image-210\"\/><\/figure>\n<\/div>\n\n\n\n<div class=\"wp-block-column is-vertically-aligned-center is-layout-flow wp-block-column-is-layout-flow\" style=\"flex-basis:18.75%\">\n<figure class=\"wp-block-image size-full\"><img loading=\"lazy\" decoding=\"async\" width=\"208\" height=\"90\" src=\"https:\/\/aasa.ch\/update24\/wp-content\/uploads\/2024\/09\/logo-axxon.png\" alt=\"\" class=\"wp-image-211\"\/><\/figure>\n<\/div>\n\n\n\n<div class=\"wp-block-column is-vertically-aligned-center is-layout-flow wp-block-column-is-layout-flow\" style=\"flex-basis:25%\"><\/div>\n\n\n\n<div class=\"wp-block-column is-vertically-aligned-center is-layout-flow wp-block-column-is-layout-flow\"><\/div>\n<\/div>\n\n\n\n<div style=\"height:20px\" aria-hidden=\"true\" class=\"wp-block-spacer\"><\/div>\n\n\n\n<h2 class=\"wp-block-heading\" id=\"fancy-title-20\"><strong>Accessoires<\/strong><\/h2>\n\n\n\n<p>L\u2019entretien automobile commence par les d\u00e9tails, c\u2019est pour cela qu\u2019il est fondamental de choisir des accessoires automobiles de qualit\u00e9 et de s\u2019en remettre \u00e0 un partenaire de confiance.<\/p>\n\n\n\n<ul class=\"wp-block-list\">\n<li>Balais d\u2019essuie-glace<\/li>\n\n\n\n<li>Lubrifiants<\/li>\n\n\n\n<li>Filtres carburant\/habitacle\/huile<\/li>\n\n\n\n<li>Bougies d\u2019allumage et bougies de pr\u00e9chauffage<\/li>\n\n\n\n<li>Kit c\u00e2bles de bougie<\/li>\n\n\n\n<li>Ampoules<\/li>\n<\/ul>\n\n\n\n<div class=\"wp-block-buttons is-layout-flex wp-block-buttons-is-layout-flex\">\n<div class=\"wp-block-button\" data-aos=\"slide-up\"><a class=\"wp-block-button__link has-white-color has-text-color has-background has-link-color wp-element-button\" href=\"#info\" style=\"border-radius:5px;background-color:#e63946\">DEMANDE D\u2019INFORMATIONS<\/a><\/div>\n<\/div>\n<\/div>\n\n\n\n<div class=\"wp-block-column bg-minuteria is-layout-flow wp-block-column-is-layout-flow\" style=\"flex-basis:50%\"><\/div>\n<\/div>\n\n\n\n<div class=\"wp-block-columns alignfull no-gap is-layout-flex wp-container-core-columns-is-layout-9d6595d7 wp-block-columns-is-layout-flex\" id=\"macchineAgricole\">\n<div class=\"wp-block-column bg-macchine-agricole is-layout-flow wp-block-column-is-layout-flow\" style=\"flex-basis:50%\"><\/div>\n\n\n\n<div class=\"wp-block-column wrap-right content-padding has-background is-layout-flow wp-block-column-is-layout-flow\" style=\"background-color:#abb7c233\">\n<p><a target=\"_blank\" href=\"http:\/\/www.caron.it\/ita\/\" rel=\"noreferrer noopener\"><\/a><\/p>\n\n\n\n<div class=\"wp-block-columns is-not-stacked-on-mobile is-layout-flex wp-container-core-columns-is-layout-9d6595d7 wp-block-columns-is-layout-flex\">\n<div class=\"wp-block-column is-vertically-aligned-center is-layout-flow wp-block-column-is-layout-flow\" style=\"flex-basis:18.75%\">\n<figure class=\"wp-block-image size-full\"><img loading=\"lazy\" decoding=\"async\" width=\"208\" height=\"90\" src=\"https:\/\/aasa.ch\/update24\/wp-content\/uploads\/2024\/09\/logo-caron-col.png\" alt=\"\" class=\"wp-image-213\"\/><\/figure>\n<\/div>\n\n\n\n<div class=\"wp-block-column is-vertically-aligned-center is-layout-flow wp-block-column-is-layout-flow\" style=\"flex-basis:18.75%\">\n<figure class=\"wp-block-image size-full\"><img loading=\"lazy\" decoding=\"async\" width=\"208\" height=\"90\" src=\"https:\/\/aasa.ch\/update24\/wp-content\/uploads\/2024\/09\/logo-benassi.png\" alt=\"\" class=\"wp-image-214\"\/><\/figure>\n<\/div>\n\n\n\n<div class=\"wp-block-column is-vertically-aligned-center is-layout-flow wp-block-column-is-layout-flow\" style=\"flex-basis:25%\">\n<figure class=\"wp-block-image size-full\"><img loading=\"lazy\" decoding=\"async\" width=\"208\" height=\"90\" src=\"https:\/\/aasa.ch\/update24\/wp-content\/uploads\/2024\/09\/logo-bomelli.png\" alt=\"\" class=\"wp-image-215\"\/><\/figure>\n<\/div>\n\n\n\n<div class=\"wp-block-column is-vertically-aligned-center is-layout-flow wp-block-column-is-layout-flow\"><\/div>\n<\/div>\n\n\n\n<div style=\"height:20px\" aria-hidden=\"true\" class=\"wp-block-spacer\"><\/div>\n\n\n\n<h2 class=\"wp-block-heading\" id=\"fancy-title-20\">Machines agricoles<\/h2>\n\n\n\n<p>Machines agricoles de tr\u00e8s haute performance et fiables, aux caract\u00e9ristiques adapt\u00e9es au transport tout-terrain. V\u00e9hicules 4\u00d74 \u00e9quilibr\u00e9s, avec centre de gravit\u00e9 bas et pneus \u00e0 faible pression, pour une s\u00e9curit\u00e9 et une maniabilit\u00e9 optimales, et pour \u00e9viter au maximum d\u2019endommager les cultures et les pr\u00e9s.<\/p>\n\n\n\n<ul class=\"wp-block-list\">\n<li>\u00c9quipement agricole<\/li>\n\n\n\n<li>\u00c9quipement forestier<\/li>\n\n\n\n<li>\u00c9quipement industriel<\/li>\n\n\n\n<li>\u00c9quipement service public<\/li>\n<\/ul>\n\n\n\n<div class=\"wp-block-buttons is-layout-flex wp-block-buttons-is-layout-flex\">\n<div class=\"wp-block-button\" data-aos=\"slide-up\"><a class=\"wp-block-button__link has-white-color has-text-color has-background has-link-color wp-element-button\" href=\"#info\" style=\"border-radius:5px;background-color:#e63946\">DEMANDE D\u2019INFORMATIONS<\/a><\/div>\n<\/div>\n<\/div>\n<\/div>\n\n\n\n<div class=\"wp-block-columns alignfull narrow-wrapper content-padding is-layout-flex wp-container-core-columns-is-layout-9d6595d7 wp-block-columns-is-layout-flex\" id=\"info\">\n<div class=\"wp-block-column is-layout-flow wp-block-column-is-layout-flow\">\n<h2 class=\"wp-block-heading has-text-align-center\" id=\"fancy-title-26\">Demande d\u2019informations sur nos produits<\/h2>\n\n\n\n<p class=\"has-text-align-center\">Exposez-nous vos besoins et laissez-vous guider par l\u2019un de nos conseillers.<\/p>\n\n\n\n<div style=\"height:60px\" aria-hidden=\"true\" class=\"wp-block-spacer\"><\/div>\n\n\n\n<div class=\"wp-block-contact-form-7-contact-form-selector\">\n<div class=\"wpcf7 no-js\" id=\"wpcf7-f581-o1\" lang=\"en-US\" dir=\"ltr\" data-wpcf7-id=\"581\">\n<div class=\"screen-reader-response\"><p role=\"status\" aria-live=\"polite\" aria-atomic=\"true\"><\/p> <ul><\/ul><\/div>\n<form action=\"\/fr\/wp-json\/wp\/v2\/pages\/487#wpcf7-f581-o1\" method=\"post\" class=\"wpcf7-form init\" aria-label=\"Contact form\" novalidate=\"novalidate\" data-status=\"init\">\n<fieldset class=\"hidden-fields-container\"><input type=\"hidden\" name=\"_wpcf7\" value=\"581\" \/><input type=\"hidden\" name=\"_wpcf7_version\" value=\"6.1.5\" \/><input type=\"hidden\" name=\"_wpcf7_locale\" value=\"en_US\" \/><input type=\"hidden\" name=\"_wpcf7_unit_tag\" value=\"wpcf7-f581-o1\" \/><input type=\"hidden\" name=\"_wpcf7_container_post\" value=\"0\" \/><input type=\"hidden\" name=\"_wpcf7_posted_data_hash\" value=\"\" \/><input type=\"hidden\" name=\"_wpcf7_recaptcha_response\" value=\"\" \/>\n<\/fieldset>\n<p><label> Typologie de produit<br \/>\n<span class=\"wpcf7-form-control-wrap\" data-name=\"tipo-prodotto\"><select class=\"wpcf7-form-control wpcf7-select wpcf7-validates-as-required\" aria-required=\"true\" aria-invalid=\"false\" name=\"tipo-prodotto\"><option value=\"\">&#8212;Please choose an option&#8212;<\/option><option value=\"Pi\u00e8ces de rechange automobiles\">Pi\u00e8ces de rechange automobiles<\/option><option value=\"Mat\u00e9riel carrosserie\">Mat\u00e9riel carrosserie<\/option><option value=\"\u00c9quipement\">\u00c9quipement<\/option><option value=\"Accessoires\">Accessoires<\/option><option value=\"Machines agricoles\">Machines agricoles<\/option><\/select><\/span> <\/label>\n<\/p>\n<p><label> Nom et pr\u00e9nom<br \/>\n<span class=\"wpcf7-form-control-wrap\" data-name=\"your-name\"><input size=\"40\" maxlength=\"400\" class=\"wpcf7-form-control wpcf7-text wpcf7-validates-as-required\" autocomplete=\"name\" aria-required=\"true\" aria-invalid=\"false\" value=\"\" type=\"text\" name=\"your-name\" \/><\/span> <\/label>\n<\/p>\n<div class=\"flex-container cols-modulo\">\n\t<div class=\"col\">\n\t\t<p><label>T\u00e9l\u00e9phone*<br \/>\n<span class=\"wpcf7-form-control-wrap\" data-name=\"your-phone\"><input size=\"40\" maxlength=\"400\" class=\"wpcf7-form-control wpcf7-text wpcf7-validates-as-required\" autocomplete=\"tel\" aria-required=\"true\" aria-invalid=\"false\" value=\"\" type=\"text\" name=\"your-phone\" \/><\/span> <\/label>\n\t\t<\/p>\n\t<\/div>\n\t<div class=\"col\">\n\t\t<p><label> Email*<br \/>\n<span class=\"wpcf7-form-control-wrap\" data-name=\"your-email\"><input size=\"40\" maxlength=\"400\" class=\"wpcf7-form-control wpcf7-email wpcf7-validates-as-required wpcf7-text wpcf7-validates-as-email\" autocomplete=\"email\" aria-required=\"true\" aria-invalid=\"false\" value=\"\" type=\"email\" name=\"your-email\" \/><\/span> <\/label>\n\t\t<\/p>\n\t<\/div>\n<\/div>\n<p><label> Message<br \/>\n<span class=\"wpcf7-form-control-wrap\" data-name=\"your-message\"><textarea cols=\"40\" rows=\"10\" maxlength=\"2000\" class=\"wpcf7-form-control wpcf7-textarea\" aria-invalid=\"false\" name=\"your-message\"><\/textarea><\/span> <\/label>\n<\/p>\n<p><input class=\"wpcf7-form-control wpcf7-submit has-spinner\" type=\"submit\" value=\"Envoyer\" \/>\n<\/p><div class=\"wpcf7-response-output\" aria-hidden=\"true\"><\/div>\n<\/form>\n<\/div>\n<\/div>\n<\/div>\n<\/div>\n","protected":false},"excerpt":{"rendered":"Chez AUTOACCESSORIO SA, vous trouverez tout le n\u00e9cessaire pour l\u2019automobile : des pi\u00e8ces de rechange aux accessoires pour n\u2019importe quel mod\u00e8le de voiture en circulation, en passant par l\u2019\u00e9quipement, les pi\u00e8ces d\u2019usure et les consommables pour la carrosserie et le secteur de l\u2019industrie nautique et du b\u00e2timent. En outre, la commercialisation de v\u00e9hicules, d\u2019accessoires et&#8230; <a class=\"view-article\" href=\"https:\/\/aasa.ch\/fr\/produits\/\">Voir l&rsquo;article<\/a>","protected":false},"author":1,"featured_media":0,"parent":0,"menu_order":0,"comment_status":"closed","ping_status":"closed","template":"template-fullwidth.php","meta":{"inline_featured_image":false,"footnotes":""},"class_list":["post-487","page","type-page","status-publish","hentry"],"_links":{"self":[{"href":"https:\/\/aasa.ch\/fr\/wp-json\/wp\/v2\/pages\/487","targetHints":{"allow":["GET"]}}],"collection":[{"href":"https:\/\/aasa.ch\/fr\/wp-json\/wp\/v2\/pages"}],"about":[{"href":"https:\/\/aasa.ch\/fr\/wp-json\/wp\/v2\/types\/page"}],"author":[{"embeddable":true,"href":"https:\/\/aasa.ch\/fr\/wp-json\/wp\/v2\/users\/1"}],"replies":[{"embeddable":true,"href":"https:\/\/aasa.ch\/fr\/wp-json\/wp\/v2\/comments?post=487"}],"version-history":[{"count":3,"href":"https:\/\/aasa.ch\/fr\/wp-json\/wp\/v2\/pages\/487\/revisions"}],"predecessor-version":[{"id":626,"href":"https:\/\/aasa.ch\/fr\/wp-json\/wp\/v2\/pages\/487\/revisions\/626"}],"wp:attachment":[{"href":"https:\/\/aasa.ch\/fr\/wp-json\/wp\/v2\/media?parent=487"}],"curies":[{"name":"wp","href":"https:\/\/api.w.org\/{rel}","templated":true}]}}