{"id":493,"date":"2024-09-13T10:34:32","date_gmt":"2024-09-13T08:34:32","guid":{"rendered":"https:\/\/aasa.ch\/update24\/macchine-agricole\/"},"modified":"2024-09-23T13:21:06","modified_gmt":"2024-09-23T11:21:06","slug":"machines-agricoles","status":"publish","type":"page","link":"https:\/\/aasa.ch\/fr\/machines-agricoles\/","title":{"rendered":"Machines agricoles"},"content":{"rendered":"\n<div class=\"wp-block-cover alignfull cover-home has-white-color has-text-color has-link-color wp-elements-fb1337c607e7246108c5424b39565219\"><span aria-hidden=\"true\" class=\"wp-block-cover__background has-background-dim-70 has-background-dim\" style=\"background-color:#272e3b\"><\/span><img loading=\"lazy\" decoding=\"async\" width=\"1920\" height=\"550\" class=\"wp-block-cover__image-background wp-image-308\" alt=\"\" src=\"https:\/\/aasa.ch\/update24\/wp-content\/uploads\/2024\/09\/testata-macchine-agricole.jpg\" data-object-fit=\"cover\" srcset=\"https:\/\/aasa.ch\/update24\/wp-content\/uploads\/2024\/09\/testata-macchine-agricole.jpg 1920w, https:\/\/aasa.ch\/update24\/wp-content\/uploads\/2024\/09\/testata-macchine-agricole-250x72.jpg 250w, https:\/\/aasa.ch\/update24\/wp-content\/uploads\/2024\/09\/testata-macchine-agricole-600x172.jpg 600w, https:\/\/aasa.ch\/update24\/wp-content\/uploads\/2024\/09\/testata-macchine-agricole-1024x293.jpg 1024w, https:\/\/aasa.ch\/update24\/wp-content\/uploads\/2024\/09\/testata-macchine-agricole-768x220.jpg 768w, https:\/\/aasa.ch\/update24\/wp-content\/uploads\/2024\/09\/testata-macchine-agricole-1536x440.jpg 1536w\" sizes=\"auto, (max-width: 1920px) 100vw, 1920px\" \/><div class=\"wp-block-cover__inner-container is-layout-constrained wp-block-cover-is-layout-constrained\">\n<div class=\"wp-block-columns wrapper content-padding first-content is-layout-flex wp-container-core-columns-is-layout-9d6595d7 wp-block-columns-is-layout-flex\">\n<div class=\"wp-block-column is-layout-flow wp-block-column-is-layout-flow\">\n<h1 class=\"wp-block-heading has-text-align-center normal\">Machines agricoles Caron<\/h1>\n\n\n\n<h2 class=\"wp-block-heading has-text-align-center bigger no-margin-bottom\" data-aos=\"zoom-out\" data-aos-duration=\"500\"><strong>Machines agricoles de tr\u00e8s haute performance et fiables<\/strong><div class=\"mk-page-section-wrapper\" style=\"margin: 0px -15px; padding: 0px; border: 0px; vertical-align: baseline; font-size: 15px; display: flex; -webkit-box-orient: horizontal; -webkit-box-direction: normal; flex-direction: row; color: rgb(51, 51, 51); font-family: &quot;Open Sans&quot;; font-weight: 400; text-align: start; white-space-collapse: collapse; position: relative; width: 1466px; left: -38px;\" data-mk-full-width=\"true\" data-mk-full-width-init=\"true\" data-mk-stretch-content=\"true\"><\/div><div class=\"mk-page-section-wrapper\" data-mk-full-width=\"true\" data-mk-full-width-init=\"true\" data-mk-stretch-content=\"true\" style=\"margin: 0px -15px; padding: 0px; border: 0px; vertical-align: baseline; font-size: 15px; display: flex; -webkit-box-orient: horizontal; -webkit-box-direction: normal; flex-direction: row; color: rgb(51, 51, 51); font-family: &quot;Open Sans&quot;; font-weight: 400; text-align: start; white-space-collapse: collapse; position: relative; width: 2100px; left: -355px;\"><\/div><\/h2>\n<\/div>\n<\/div>\n<\/div><\/div>\n\n\n\n<div class=\"wp-block-columns alignfull narrow-wrapper content-padding is-layout-flex wp-container-core-columns-is-layout-9d6595d7 wp-block-columns-is-layout-flex\">\n<div class=\"wp-block-column is-layout-flow wp-block-column-is-layout-flow\">\n<figure class=\"wp-block-image size-full\"><img loading=\"lazy\" decoding=\"async\" width=\"749\" height=\"409\" src=\"https:\/\/aasa.ch\/update24\/wp-content\/uploads\/2024\/09\/caron.jpg\" alt=\"\" class=\"wp-image-220\" srcset=\"https:\/\/aasa.ch\/update24\/wp-content\/uploads\/2024\/09\/caron.jpg 749w, https:\/\/aasa.ch\/update24\/wp-content\/uploads\/2024\/09\/caron-250x137.jpg 250w, https:\/\/aasa.ch\/update24\/wp-content\/uploads\/2024\/09\/caron-600x328.jpg 600w\" sizes=\"auto, (max-width: 749px) 100vw, 749px\" \/><\/figure>\n<\/div>\n\n\n\n<div class=\"wp-block-column is-layout-flow wp-block-column-is-layout-flow\">\n<p>Machines agricoles de tr\u00e8s haute performance et fiables, aux caract\u00e9ristiques adapt\u00e9es au transport tout-terrain. V\u00e9hicules 4\u00d74 \u00e9quilibr\u00e9s, avec centre de gravit\u00e9 bas et pneus \u00e0 faible pression, pour une s\u00e9curit\u00e9 et une maniabilit\u00e9 optimales, et pour \u00e9viter au maximum d\u2019endommager les cultures et les pr\u00e9s.<\/p>\n\n\n\n<div class=\"wp-block-buttons is-layout-flex wp-block-buttons-is-layout-flex\">\n<div class=\"wp-block-button\" data-aos=\"slide-up\"><a class=\"wp-block-button__link has-white-color has-text-color has-background has-link-color wp-element-button\" style=\"border-radius:5px;background-color:#e63946\">D\u00c9COUVREZ NOS PRODUITS<\/a><\/div>\n<\/div>\n<\/div>\n<\/div>\n\n\n\n<div class=\"wp-block-columns alignfull wrapper is-layout-flex wp-container-core-columns-is-layout-9d6595d7 wp-block-columns-is-layout-flex\" id=\"anchor\">\n<div class=\"wp-block-column box-padding center card-macchine is-layout-flow wp-block-column-is-layout-flow\">\n<figure class=\"wp-block-image size-full\" data-aos=\"zoom-out\" data-aos-duration=\"650\"><img loading=\"lazy\" decoding=\"async\" width=\"360\" height=\"384\" src=\"https:\/\/aasa.ch\/update24\/wp-content\/uploads\/2024\/09\/caron-serie100evo-1.jpg\" alt=\"\" class=\"wp-image-221\" srcset=\"https:\/\/aasa.ch\/update24\/wp-content\/uploads\/2024\/09\/caron-serie100evo-1.jpg 360w, https:\/\/aasa.ch\/update24\/wp-content\/uploads\/2024\/09\/caron-serie100evo-1-250x267.jpg 250w\" sizes=\"auto, (max-width: 360px) 100vw, 360px\" \/><\/figure>\n\n\n\n<h3 class=\"wp-block-heading\">S\u00e9rie 100 EVO4<\/h3>\n\n\n\n<p>Poids total homologu\u00e9 de 3 500 kg avec une charge utile allant jusqu\u2019\u00e0 2200 kg.<\/p>\n<\/div>\n\n\n\n<div class=\"wp-block-column box-padding center card-macchine is-layout-flow wp-block-column-is-layout-flow\">\n<figure class=\"wp-block-image size-full\" data-aos=\"zoom-out\" data-aos-delay=\"100\" data-aos-duration=\"650\"><img loading=\"lazy\" decoding=\"async\" width=\"360\" height=\"384\" src=\"https:\/\/aasa.ch\/update24\/wp-content\/uploads\/2024\/09\/caron-serie200evo.jpg\" alt=\"\" class=\"wp-image-223\" style=\"object-fit:cover\" srcset=\"https:\/\/aasa.ch\/update24\/wp-content\/uploads\/2024\/09\/caron-serie200evo.jpg 360w, https:\/\/aasa.ch\/update24\/wp-content\/uploads\/2024\/09\/caron-serie200evo-250x267.jpg 250w\" sizes=\"auto, (max-width: 360px) 100vw, 360px\" \/><\/figure>\n\n\n\n<h3 class=\"wp-block-heading\">S\u00e9rie 200 \/ 300 EVO4<\/h3>\n\n\n\n<p>Poids total homologu\u00e9 de 3 500 kg avec une charge utile allant jusqu\u2019\u00e0 2000 kg.<\/p>\n<\/div>\n\n\n\n<div class=\"wp-block-column box-padding center card-macchine is-layout-flow wp-block-column-is-layout-flow\">\n<figure class=\"wp-block-image size-full\" data-aos=\"zoom-out\" data-aos-delay=\"200\" data-aos-duration=\"650\"><img loading=\"lazy\" decoding=\"async\" width=\"360\" height=\"384\" src=\"https:\/\/aasa.ch\/update24\/wp-content\/uploads\/2024\/09\/caron-serie500evo.jpg\" alt=\"\" class=\"wp-image-224\" srcset=\"https:\/\/aasa.ch\/update24\/wp-content\/uploads\/2024\/09\/caron-serie500evo.jpg 360w, https:\/\/aasa.ch\/update24\/wp-content\/uploads\/2024\/09\/caron-serie500evo-250x267.jpg 250w\" sizes=\"auto, (max-width: 360px) 100vw, 360px\" \/><\/figure>\n\n\n\n<h3 class=\"wp-block-heading\">S\u00e9rie 500 \/ 600 EVO4<\/h3>\n\n\n\n<p>Les s\u00e9ries 500 et 600 constituent le haut de gamme des tracteurs 1 place Caron.<\/p>\n<\/div>\n\n\n\n<div class=\"wp-block-column box-padding center card-macchine is-layout-flow wp-block-column-is-layout-flow\">\n<figure class=\"wp-block-image size-full\" data-aos=\"zoom-out\" data-aos-delay=\"300\" data-aos-duration=\"650\"><img loading=\"lazy\" decoding=\"async\" width=\"360\" height=\"384\" src=\"https:\/\/aasa.ch\/update24\/wp-content\/uploads\/2024\/09\/caron-seriec.jpg\" alt=\"\" class=\"wp-image-225\" srcset=\"https:\/\/aasa.ch\/update24\/wp-content\/uploads\/2024\/09\/caron-seriec.jpg 360w, https:\/\/aasa.ch\/update24\/wp-content\/uploads\/2024\/09\/caron-seriec-250x267.jpg 250w\" sizes=\"auto, (max-width: 360px) 100vw, 360px\" \/><\/figure>\n\n\n\n<h3 class=\"wp-block-heading\">S\u00e9rie C<\/h3>\n\n\n\n<p>Un transporteur adapt\u00e9 \u00e0 tout type d\u2019utilisation.<\/p>\n<\/div>\n<\/div>\n\n\n\n<div class=\"wp-block-columns alignfull wrapper is-layout-flex wp-container-core-columns-is-layout-9d6595d7 wp-block-columns-is-layout-flex\">\n<div class=\"wp-block-column box-padding center card-macchine is-layout-flow wp-block-column-is-layout-flow\">\n<figure class=\"wp-block-image size-full\" data-aos=\"zoom-out\" data-aos-delay=\"100\" data-aos-duration=\"650\"><img loading=\"lazy\" decoding=\"async\" width=\"360\" height=\"384\" src=\"https:\/\/aasa.ch\/update24\/wp-content\/uploads\/2024\/09\/caron-seriectk.jpg\" alt=\"\" class=\"wp-image-509\" srcset=\"https:\/\/aasa.ch\/update24\/wp-content\/uploads\/2024\/09\/caron-seriectk.jpg 360w, https:\/\/aasa.ch\/update24\/wp-content\/uploads\/2024\/09\/caron-seriectk-250x267.jpg 250w\" sizes=\"auto, (max-width: 360px) 100vw, 360px\" \/><\/figure>\n\n\n\n<h3 class=\"wp-block-heading\">S\u00e9rie CTK<\/h3>\n\n\n\n<p>Des dimensions r\u00e9duites pour de grandes performances.<\/p>\n<\/div>\n\n\n\n<div class=\"wp-block-column box-padding center card-macchine is-layout-flow wp-block-column-is-layout-flow\">\n<figure class=\"wp-block-image size-full\" data-aos=\"zoom-out\" data-aos-delay=\"200\" data-aos-duration=\"650\"><img loading=\"lazy\" decoding=\"async\" width=\"360\" height=\"384\" src=\"https:\/\/aasa.ch\/update24\/wp-content\/uploads\/2024\/09\/caron-seriect.jpg\" alt=\"\" class=\"wp-image-506\" style=\"object-fit:cover\" srcset=\"https:\/\/aasa.ch\/update24\/wp-content\/uploads\/2024\/09\/caron-seriect.jpg 360w, https:\/\/aasa.ch\/update24\/wp-content\/uploads\/2024\/09\/caron-seriect-250x267.jpg 250w\" sizes=\"auto, (max-width: 360px) 100vw, 360px\" \/><\/figure>\n\n\n\n<h3 class=\"wp-block-heading\">S\u00e9rie CT<\/h3>\n\n\n\n<p>La charge utile la plus importante de sa cat\u00e9gorie.<\/p>\n<\/div>\n\n\n\n<div class=\"wp-block-column box-padding center card-macchine is-layout-flow wp-block-column-is-layout-flow\">\n<figure class=\"wp-block-image size-full\" data-aos=\"zoom-out\" data-aos-delay=\"300\" data-aos-duration=\"650\"><img loading=\"lazy\" decoding=\"async\" width=\"360\" height=\"384\" src=\"https:\/\/aasa.ch\/update24\/wp-content\/uploads\/2024\/09\/caron-seriecta.jpg\" alt=\"\" class=\"wp-image-503\" srcset=\"https:\/\/aasa.ch\/update24\/wp-content\/uploads\/2024\/09\/caron-seriecta.jpg 360w, https:\/\/aasa.ch\/update24\/wp-content\/uploads\/2024\/09\/caron-seriecta-250x267.jpg 250w\" sizes=\"auto, (max-width: 360px) 100vw, 360px\" \/><\/figure>\n\n\n\n<h3 class=\"wp-block-heading\">S\u00e9rie CTA<\/h3>\n\n\n\n<p>Un v\u00e9hicule innovant con\u00e7u pour les op\u00e9rateurs les plus exigeants.<br><\/p>\n<\/div>\n\n\n\n<div class=\"wp-block-column box-padding center card-macchine is-layout-flow wp-block-column-is-layout-flow\">\n<figure class=\"wp-block-image size-full\" data-aos=\"zoom-out\" data-aos-delay=\"400\" data-aos-duration=\"650\"><img loading=\"lazy\" decoding=\"async\" width=\"360\" height=\"384\" src=\"https:\/\/aasa.ch\/update24\/wp-content\/uploads\/2024\/09\/caron-seriects.jpg\" alt=\"\" class=\"wp-image-500\" srcset=\"https:\/\/aasa.ch\/update24\/wp-content\/uploads\/2024\/09\/caron-seriects.jpg 360w, https:\/\/aasa.ch\/update24\/wp-content\/uploads\/2024\/09\/caron-seriects-250x267.jpg 250w\" sizes=\"auto, (max-width: 360px) 100vw, 360px\" \/><\/figure>\n\n\n\n<h3 class=\"wp-block-heading\">S\u00e9rie CTS<\/h3>\n\n\n\n<p>Une efficacit\u00e9 optimale pour tout type d\u2019utilisation.<\/p>\n<\/div>\n<\/div>\n\n\n\n<div class=\"wp-block-buttons content-padding is-content-justification-center is-layout-flex wp-container-core-buttons-is-layout-16018d1d wp-block-buttons-is-layout-flex\">\n<div class=\"wp-block-button\" data-aos=\"slide-up\"><a class=\"wp-block-button__link has-white-color has-text-color has-background has-link-color wp-element-button\" href=\"#info\" style=\"border-radius:5px;background-color:#e63946\">DEMANDE D\u2019INFORMATIONS<\/a><\/div>\n<\/div>\n\n\n\n<div class=\"wp-block-columns alignfull no-gap is-layout-flex wp-container-core-columns-is-layout-9d6595d7 wp-block-columns-is-layout-flex\">\n<div class=\"wp-block-column content-padding has-background is-layout-flow wp-block-column-is-layout-flow\" style=\"background-color:#abb7c233\">\n<div class=\"wp-block-columns wrapper is-layout-flex wp-container-core-columns-is-layout-9d6595d7 wp-block-columns-is-layout-flex\">\n<div class=\"wp-block-column is-layout-flow wp-block-column-is-layout-flow\">\n<h2 class=\"wp-block-heading has-text-align-center\" id=\"fancy-title-20\"><strong>\u00c9quipements et accessoires<\/strong><\/h2>\n\n\n\n<p class=\"has-text-align-center narrow-wrapper\">Gr\u00e2ce \u00e0 la disponibilit\u00e9 d\u2019\u00e9quipements comme les crochets d\u2019attelage, les dispositifs de relevage hydrauliques ou avec leviers, les distributeurs hydrauliques, les prises de force centrales et arri\u00e8re, il est possible de monter rapidement sur des v\u00e9hicules agricoles divers \u00e9quipements.<\/p>\n\n\n\n<div style=\"height:60px\" aria-hidden=\"true\" class=\"wp-block-spacer\"><\/div>\n\n\n\n<div class=\"wp-block-columns is-layout-flex wp-container-core-columns-is-layout-9d6595d7 wp-block-columns-is-layout-flex\">\n<div class=\"wp-block-column center box-padding has-white-background-color has-background is-layout-flow wp-block-column-is-layout-flow\">\n<figure class=\"wp-block-image size-full is-resized\" data-aos=\"zoom-out\" data-aos-duration=\"650\"><img loading=\"lazy\" decoding=\"async\" width=\"350\" height=\"300\" src=\"https:\/\/aasa.ch\/update24\/wp-content\/uploads\/2024\/09\/settore-agricolo-1-nnw7bbk43bigfaf6anfo45uw8t4k4c25mhr89rvs54.jpg\" alt=\"\" class=\"wp-image-231\" style=\"width:314px;height:auto\" srcset=\"https:\/\/aasa.ch\/update24\/wp-content\/uploads\/2024\/09\/settore-agricolo-1-nnw7bbk43bigfaf6anfo45uw8t4k4c25mhr89rvs54.jpg 350w, https:\/\/aasa.ch\/update24\/wp-content\/uploads\/2024\/09\/settore-agricolo-1-nnw7bbk43bigfaf6anfo45uw8t4k4c25mhr89rvs54-250x214.jpg 250w\" sizes=\"auto, (max-width: 350px) 100vw, 350px\" \/><\/figure>\n\n\n\n<div style=\"height:20px\" aria-hidden=\"true\" class=\"wp-block-spacer\"><\/div>\n\n\n\n<h3 class=\"wp-block-heading\"><strong>\u00c9quipement agricole<\/strong><\/h3>\n\n\n\n<p>pulv\u00e9risateur, auto-chargeur, hacheuse, fraise, faucheuse, \u00e9pandeur de lisier, \u00e9pandeur de fumier, remorque<\/p>\n<\/div>\n\n\n\n<div class=\"wp-block-column center box-padding has-white-background-color has-background is-layout-flow wp-block-column-is-layout-flow\">\n<figure class=\"wp-block-image size-full is-resized\" data-aos=\"zoom-out\" data-aos-delay=\"100\" data-aos-duration=\"650\"><img loading=\"lazy\" decoding=\"async\" width=\"350\" height=\"300\" src=\"https:\/\/aasa.ch\/update24\/wp-content\/uploads\/2024\/09\/settore-forestale-1-nnw7bfbgunnlpq9pop26e4wqmcm0z4h2z0d66vq7g8.jpg\" alt=\"\" class=\"wp-image-235\" style=\"width:314px;height:auto\" srcset=\"https:\/\/aasa.ch\/update24\/wp-content\/uploads\/2024\/09\/settore-forestale-1-nnw7bfbgunnlpq9pop26e4wqmcm0z4h2z0d66vq7g8.jpg 350w, https:\/\/aasa.ch\/update24\/wp-content\/uploads\/2024\/09\/settore-forestale-1-nnw7bfbgunnlpq9pop26e4wqmcm0z4h2z0d66vq7g8-250x214.jpg 250w\" sizes=\"auto, (max-width: 350px) 100vw, 350px\" \/><\/figure>\n\n\n\n<div style=\"height:20px\" aria-hidden=\"true\" class=\"wp-block-spacer\"><\/div>\n\n\n\n<h3 class=\"wp-block-heading\">\u00c9quipement forestier<\/h3>\n\n\n\n<p>chargeur forestier, treuil, fendeuse, scie, remorque<\/p>\n<\/div>\n\n\n\n<div class=\"wp-block-column center box-padding has-white-background-color has-background is-layout-flow wp-block-column-is-layout-flow\">\n<figure class=\"wp-block-image size-full is-resized\" data-aos=\"zoom-out\" data-aos-delay=\"200\" data-aos-duration=\"650\"><img loading=\"lazy\" decoding=\"async\" width=\"350\" height=\"300\" src=\"https:\/\/aasa.ch\/update24\/wp-content\/uploads\/2024\/09\/settore-industriale-1-nnw7bi4zf5rgok5m88a23m74ei84m7s9zebmmpm0xk.jpg\" alt=\"\" class=\"wp-image-236\" style=\"width:314px;height:auto\" srcset=\"https:\/\/aasa.ch\/update24\/wp-content\/uploads\/2024\/09\/settore-industriale-1-nnw7bi4zf5rgok5m88a23m74ei84m7s9zebmmpm0xk.jpg 350w, https:\/\/aasa.ch\/update24\/wp-content\/uploads\/2024\/09\/settore-industriale-1-nnw7bi4zf5rgok5m88a23m74ei84m7s9zebmmpm0xk-250x214.jpg 250w\" sizes=\"auto, (max-width: 350px) 100vw, 350px\" \/><\/figure>\n\n\n\n<div style=\"height:20px\" aria-hidden=\"true\" class=\"wp-block-spacer\"><\/div>\n\n\n\n<h3 class=\"wp-block-heading\">\u00c9quipement industriel<\/h3>\n\n\n\n<p>syst\u00e8me amovible, grue, foreuse, excavatrice<\/p>\n<\/div>\n\n\n\n<div class=\"wp-block-column center box-padding has-white-background-color has-background is-layout-flow wp-block-column-is-layout-flow\">\n<figure class=\"wp-block-image size-full is-resized\" data-aos=\"zoom-out\" data-aos-delay=\"300\" data-aos-duration=\"650\"><img loading=\"lazy\" decoding=\"async\" width=\"350\" height=\"300\" src=\"https:\/\/aasa.ch\/update24\/wp-content\/uploads\/2024\/09\/settore-pubblico-1-nnw7blwc6hwlz005m9wkdl8ys1plh077bwxkjtgg8o.jpg\" alt=\"\" class=\"wp-image-237\" style=\"width:314px;height:auto\" srcset=\"https:\/\/aasa.ch\/update24\/wp-content\/uploads\/2024\/09\/settore-pubblico-1-nnw7blwc6hwlz005m9wkdl8ys1plh077bwxkjtgg8o.jpg 350w, https:\/\/aasa.ch\/update24\/wp-content\/uploads\/2024\/09\/settore-pubblico-1-nnw7blwc6hwlz005m9wkdl8ys1plh077bwxkjtgg8o-250x214.jpg 250w\" sizes=\"auto, (max-width: 350px) 100vw, 350px\" \/><\/figure>\n\n\n\n<div style=\"height:20px\" aria-hidden=\"true\" class=\"wp-block-spacer\"><\/div>\n\n\n\n<h3 class=\"wp-block-heading\">\u00c9quipement service public<\/h3>\n\n\n\n<p>lame ou \u00e9trave de d\u00e9neigement, turbine, saleuse, plateforme \u00e9l\u00e9vatrice, dispositif anti-incendie, brosses et aspirateur.<\/p>\n<\/div>\n<\/div>\n\n\n\n<div style=\"height:60px\" aria-hidden=\"true\" class=\"wp-block-spacer\"><\/div>\n\n\n\n<div class=\"wp-block-buttons is-content-justification-center is-layout-flex wp-container-core-buttons-is-layout-16018d1d wp-block-buttons-is-layout-flex\">\n<div class=\"wp-block-button\" data-aos=\"slide-up\"><a class=\"wp-block-button__link has-white-color has-text-color has-background has-link-color wp-element-button\" href=\"#info\" style=\"border-radius:5px;background-color:#e63946\">DEMANDE D\u2019INFORMATIONS<\/a><\/div>\n<\/div>\n<\/div>\n<\/div>\n<\/div>\n<\/div>\n\n\n\n<div class=\"wp-block-columns alignfull narrow-wrapper content-padding is-layout-flex wp-container-core-columns-is-layout-9d6595d7 wp-block-columns-is-layout-flex\" id=\"info\">\n<div class=\"wp-block-column is-layout-flow wp-block-column-is-layout-flow\">\n<h2 class=\"wp-block-heading has-text-align-center\" id=\"fancy-title-26\">Demande d\u2019informations sur les machines agricoles Caron<\/h2>\n\n\n\n<p class=\"has-text-align-center\">Exposez-nous vos besoins et laissez-vous guider par l\u2019un de nos conseillers.<\/p>\n\n\n\n<div style=\"height:60px\" aria-hidden=\"true\" class=\"wp-block-spacer\"><\/div>\n\n\n\n<div class=\"wp-block-contact-form-7-contact-form-selector\">\n<div class=\"wpcf7 no-js\" id=\"wpcf7-f580-o1\" lang=\"en-US\" dir=\"ltr\" data-wpcf7-id=\"580\">\n<div class=\"screen-reader-response\"><p role=\"status\" aria-live=\"polite\" aria-atomic=\"true\"><\/p> <ul><\/ul><\/div>\n<form action=\"\/fr\/wp-json\/wp\/v2\/pages\/493#wpcf7-f580-o1\" method=\"post\" class=\"wpcf7-form init\" aria-label=\"Contact form\" novalidate=\"novalidate\" data-status=\"init\">\n<fieldset class=\"hidden-fields-container\"><input type=\"hidden\" name=\"_wpcf7\" value=\"580\" \/><input type=\"hidden\" name=\"_wpcf7_version\" value=\"6.1.5\" \/><input type=\"hidden\" name=\"_wpcf7_locale\" value=\"en_US\" \/><input type=\"hidden\" name=\"_wpcf7_unit_tag\" value=\"wpcf7-f580-o1\" \/><input type=\"hidden\" name=\"_wpcf7_container_post\" value=\"0\" \/><input type=\"hidden\" name=\"_wpcf7_posted_data_hash\" value=\"\" \/><input type=\"hidden\" name=\"_wpcf7_recaptcha_response\" value=\"\" \/>\n<\/fieldset>\n<p><label> Typologie de produit*<br \/>\n<span class=\"wpcf7-form-control-wrap\" data-name=\"prodotto\"><select class=\"wpcf7-form-control wpcf7-select wpcf7-validates-as-required\" aria-required=\"true\" aria-invalid=\"false\" name=\"prodotto\"><option value=\"\">&#8212;Please choose an option&#8212;<\/option><option value=\"S\u00e9rie 100 EVO4\">S\u00e9rie 100 EVO4<\/option><option value=\"Serie 200 \/ 300 EVO4\">Serie 200 \/ 300 EVO4<\/option><option value=\"S\u00e9rie 500 \/ 600 EVO4\">S\u00e9rie 500 \/ 600 EVO4<\/option><option value=\"S\u00e9rie C\">S\u00e9rie C<\/option><option value=\"S\u00e9rie CTK\">S\u00e9rie CTK<\/option><option value=\"S\u00e9rie CT\">S\u00e9rie CT<\/option><option value=\"S\u00e9rie CTA\">S\u00e9rie CTA<\/option><option value=\"S\u00e9rie CTS\">S\u00e9rie CTS<\/option><option value=\"Altro\">Altro<\/option><\/select><\/span> <\/label>S\u00e9rie\n<\/p>\n<p><label> Nom et pr\u00e9nom*<br \/>\n<span class=\"wpcf7-form-control-wrap\" data-name=\"your-name\"><input size=\"40\" maxlength=\"400\" class=\"wpcf7-form-control wpcf7-text wpcf7-validates-as-required\" autocomplete=\"name\" aria-required=\"true\" aria-invalid=\"false\" value=\"\" type=\"text\" name=\"your-name\" \/><\/span> <\/label>\n<\/p>\n<div class=\"flex-container cols-modulo\">\n\t<div class=\"col\">\n\t\t<p><label>T\u00e9l\u00e9phone*<br \/>\n<span class=\"wpcf7-form-control-wrap\" data-name=\"your-phone\"><input size=\"40\" maxlength=\"400\" class=\"wpcf7-form-control wpcf7-text wpcf7-validates-as-required\" autocomplete=\"tel\" aria-required=\"true\" aria-invalid=\"false\" value=\"\" type=\"text\" name=\"your-phone\" \/><\/span> <\/label>\n\t\t<\/p>\n\t<\/div>\n\t<div class=\"col\">\n\t\t<p><label> Email*<br \/>\n<span class=\"wpcf7-form-control-wrap\" data-name=\"your-email\"><input size=\"40\" maxlength=\"400\" class=\"wpcf7-form-control wpcf7-email wpcf7-validates-as-required wpcf7-text wpcf7-validates-as-email\" autocomplete=\"email\" aria-required=\"true\" aria-invalid=\"false\" value=\"\" type=\"email\" name=\"your-email\" \/><\/span> <\/label>\n\t\t<\/p>\n\t<\/div>\n<\/div>\n<p><label> Message<br \/>\n<span class=\"wpcf7-form-control-wrap\" data-name=\"your-message\"><textarea cols=\"40\" rows=\"10\" maxlength=\"2000\" class=\"wpcf7-form-control wpcf7-textarea\" aria-invalid=\"false\" name=\"your-message\"><\/textarea><\/span> <\/label>\n<\/p>\n<p><input class=\"wpcf7-form-control wpcf7-submit has-spinner\" type=\"submit\" value=\"Envoyer\" \/>\n<\/p><div class=\"wpcf7-response-output\" aria-hidden=\"true\"><\/div>\n<\/form>\n<\/div>\n<\/div>\n<\/div>\n<\/div>\n\n\n<div class=\"wp-block-image\">\n<figure class=\"alignright size-large\" data-aos=\"zoom-out\" data-aos-duration=\"1050\"><img loading=\"lazy\" decoding=\"async\" width=\"1024\" height=\"391\" src=\"https:\/\/aasa.ch\/update24\/wp-content\/uploads\/2024\/09\/bg-macchine-agricole-bottom-1024x391.jpg\" alt=\"\" class=\"wp-image-239\" srcset=\"https:\/\/aasa.ch\/update24\/wp-content\/uploads\/2024\/09\/bg-macchine-agricole-bottom-1024x391.jpg 1024w, https:\/\/aasa.ch\/update24\/wp-content\/uploads\/2024\/09\/bg-macchine-agricole-bottom-250x95.jpg 250w, https:\/\/aasa.ch\/update24\/wp-content\/uploads\/2024\/09\/bg-macchine-agricole-bottom-600x229.jpg 600w, https:\/\/aasa.ch\/update24\/wp-content\/uploads\/2024\/09\/bg-macchine-agricole-bottom-768x293.jpg 768w, https:\/\/aasa.ch\/update24\/wp-content\/uploads\/2024\/09\/bg-macchine-agricole-bottom.jpg 1100w\" sizes=\"auto, (max-width: 1024px) 100vw, 1024px\" \/><\/figure>\n<\/div>","protected":false},"excerpt":{"rendered":"Machines agricoles de tr\u00e8s haute performance et fiables, aux caract\u00e9ristiques adapt\u00e9es au transport tout-terrain. V\u00e9hicules 4\u00d74 \u00e9quilibr\u00e9s, avec centre de gravit\u00e9 bas et pneus \u00e0 faible pression, pour une s\u00e9curit\u00e9 et une maniabilit\u00e9 optimales, et pour \u00e9viter au maximum d\u2019endommager les cultures et les pr\u00e9s. S\u00e9rie 100 EVO4 Poids total homologu\u00e9 de 3 500 kg&#8230; <a class=\"view-article\" href=\"https:\/\/aasa.ch\/fr\/machines-agricoles\/\">Voir l&rsquo;article<\/a>","protected":false},"author":1,"featured_media":0,"parent":0,"menu_order":0,"comment_status":"closed","ping_status":"closed","template":"template-fullwidth.php","meta":{"inline_featured_image":false,"footnotes":""},"class_list":["post-493","page","type-page","status-publish","hentry"],"_links":{"self":[{"href":"https:\/\/aasa.ch\/fr\/wp-json\/wp\/v2\/pages\/493","targetHints":{"allow":["GET"]}}],"collection":[{"href":"https:\/\/aasa.ch\/fr\/wp-json\/wp\/v2\/pages"}],"about":[{"href":"https:\/\/aasa.ch\/fr\/wp-json\/wp\/v2\/types\/page"}],"author":[{"embeddable":true,"href":"https:\/\/aasa.ch\/fr\/wp-json\/wp\/v2\/users\/1"}],"replies":[{"embeddable":true,"href":"https:\/\/aasa.ch\/fr\/wp-json\/wp\/v2\/comments?post=493"}],"version-history":[{"count":3,"href":"https:\/\/aasa.ch\/fr\/wp-json\/wp\/v2\/pages\/493\/revisions"}],"predecessor-version":[{"id":584,"href":"https:\/\/aasa.ch\/fr\/wp-json\/wp\/v2\/pages\/493\/revisions\/584"}],"wp:attachment":[{"href":"https:\/\/aasa.ch\/fr\/wp-json\/wp\/v2\/media?parent=493"}],"curies":[{"name":"wp","href":"https:\/\/api.w.org\/{rel}","templated":true}]}}