{"id":514,"date":"2024-09-13T10:32:58","date_gmt":"2024-09-13T08:32:58","guid":{"rendered":"https:\/\/aasa.ch\/update24\/home\/"},"modified":"2025-11-11T15:58:14","modified_gmt":"2025-11-11T14:58:14","slug":"home","status":"publish","type":"page","link":"https:\/\/aasa.ch\/fr\/","title":{"rendered":"Home"},"content":{"rendered":"\n<div class=\"wp-block-cover alignfull cover-home has-white-color has-text-color has-link-color wp-elements-e89169e585f76694cf3dbd8813094c27\"><img loading=\"lazy\" decoding=\"async\" width=\"2400\" height=\"765\" class=\"wp-block-cover__image-background wp-image-94\" alt=\"\" src=\"https:\/\/aasa.ch\/update24\/wp-content\/uploads\/2024\/09\/testata-aasa.jpg\" data-object-fit=\"cover\" srcset=\"https:\/\/aasa.ch\/update24\/wp-content\/uploads\/2024\/09\/testata-aasa.jpg 2400w, https:\/\/aasa.ch\/update24\/wp-content\/uploads\/2024\/09\/testata-aasa-250x80.jpg 250w, https:\/\/aasa.ch\/update24\/wp-content\/uploads\/2024\/09\/testata-aasa-600x191.jpg 600w, https:\/\/aasa.ch\/update24\/wp-content\/uploads\/2024\/09\/testata-aasa-1024x326.jpg 1024w, https:\/\/aasa.ch\/update24\/wp-content\/uploads\/2024\/09\/testata-aasa-768x245.jpg 768w, https:\/\/aasa.ch\/update24\/wp-content\/uploads\/2024\/09\/testata-aasa-1536x490.jpg 1536w, https:\/\/aasa.ch\/update24\/wp-content\/uploads\/2024\/09\/testata-aasa-2048x653.jpg 2048w\" sizes=\"auto, (max-width: 2400px) 100vw, 2400px\" \/><span aria-hidden=\"true\" class=\"wp-block-cover__background has-black-background-color has-background-dim\"><\/span><div class=\"wp-block-cover__inner-container is-layout-constrained wp-block-cover-is-layout-constrained\">\n<div class=\"wp-block-columns wrapper content-padding first-content is-layout-flex wp-container-core-columns-is-layout-9d6595d7 wp-block-columns-is-layout-flex\">\n<div class=\"wp-block-column is-layout-flow wp-block-column-is-layout-flow\">\n<h1 class=\"wp-block-heading has-text-align-center normal\">Autoaccessorio SA<\/h1>\n\n\n<div class=\"wp-block-image less-content-padding\">\n<figure class=\"aligncenter size-full\" data-aos=\"zoom-out\" data-aos-duration=\"1050\"><img loading=\"lazy\" decoding=\"async\" width=\"280\" height=\"244\" src=\"https:\/\/aasa.ch\/update24\/wp-content\/uploads\/2024\/09\/60anni.png\" alt=\"\" class=\"wp-image-95\" srcset=\"https:\/\/aasa.ch\/update24\/wp-content\/uploads\/2024\/09\/60anni.png 280w, https:\/\/aasa.ch\/update24\/wp-content\/uploads\/2024\/09\/60anni-250x218.png 250w\" sizes=\"auto, (max-width: 280px) 100vw, 280px\" \/><\/figure>\n<\/div>\n\n\n<h2 class=\"wp-block-heading has-text-align-center bigger\" data-aos=\"zoom-out\" data-aos-delay=\"250\" data-aos-duration=\"1050\"><strong>DEPUIS PLUS DE 60 ANS \u00c0 VOTRE SERVICE<\/strong><\/h2>\n\n\n\n<div style=\"height:100px\" aria-hidden=\"true\" class=\"wp-block-spacer\"><\/div>\n<\/div>\n<\/div>\n<\/div><\/div>\n\n\n\n<div class=\"wp-block-columns alignfull intro-cards-parent has-background is-layout-flex wp-container-core-columns-is-layout-9d6595d7 wp-block-columns-is-layout-flex\" style=\"background:linear-gradient(0deg,rgb(120,154,164) 0%,rgb(54,65,86) 100%)\">\n<div class=\"wp-block-column is-layout-flow wp-block-column-is-layout-flow\">\n<div class=\"wp-block-columns intro-cards wrapper is-layout-flex wp-container-core-columns-is-layout-9d6595d7 wp-block-columns-is-layout-flex\">\n<div class=\"wp-block-column has-white-background-color has-text-color has-background has-link-color wp-elements-dc75f643f96fb36d026fcd1f984f1fd4 is-layout-flow wp-block-column-is-layout-flow\" style=\"color:#333333\">\n<figure class=\"wp-block-image size-full\"><img loading=\"lazy\" decoding=\"async\" width=\"446\" height=\"260\" src=\"https:\/\/aasa.ch\/update24\/wp-content\/uploads\/2024\/09\/ricambi-autio.jpg\" alt=\"\" class=\"wp-image-93\" style=\"object-fit:cover\" srcset=\"https:\/\/aasa.ch\/update24\/wp-content\/uploads\/2024\/09\/ricambi-autio.jpg 446w, https:\/\/aasa.ch\/update24\/wp-content\/uploads\/2024\/09\/ricambi-autio-250x146.jpg 250w\" sizes=\"auto, (max-width: 446px) 100vw, 446px\" \/><\/figure>\n\n\n\n<h3 class=\"wp-block-heading has-text-align-center no-margin-bottom\"><strong>Pi\u00e8ces de rechange automobiles<\/strong><\/h3>\n\n\n\n<p class=\"has-text-align-center box-padding no-margin has-text-color has-link-color wp-elements-c6f65ac6500f83817ca1bdbb9b7bd3c7\" style=\"color:#333333\">Une s\u00e9lection de pi\u00e8ces de rechange pour les voitures des meilleures marques, choisies pour leur qualit\u00e9 et leur garantie.<\/p>\n\n\n\n<div class=\"wp-block-buttons is-content-justification-center is-layout-flex wp-container-core-buttons-is-layout-16018d1d wp-block-buttons-is-layout-flex\">\n<div class=\"wp-block-button\" data-aos=\"slide-up\"><a class=\"wp-block-button__link has-white-color has-text-color has-background has-link-color wp-element-button\" href=\"https:\/\/aasa.ch\/update24\/fr\/enterprise#ricambi\" style=\"border-radius:5px;background-color:#7899a3\">D\u00c9TAILS<\/a><\/div>\n<\/div>\n<\/div>\n\n\n\n<div class=\"wp-block-column has-white-background-color has-text-color has-background has-link-color wp-elements-03a249a0d1aab2844da1201e5e31f979 is-layout-flow wp-block-column-is-layout-flow\" style=\"color:#333333\">\n<figure class=\"wp-block-image size-full\"><img loading=\"lazy\" decoding=\"async\" width=\"446\" height=\"260\" src=\"https:\/\/aasa.ch\/update24\/wp-content\/uploads\/2024\/09\/carrozzeria.jpg\" alt=\"\" class=\"wp-image-92\" style=\"object-fit:cover\" srcset=\"https:\/\/aasa.ch\/update24\/wp-content\/uploads\/2024\/09\/carrozzeria.jpg 446w, https:\/\/aasa.ch\/update24\/wp-content\/uploads\/2024\/09\/carrozzeria-250x146.jpg 250w\" sizes=\"auto, (max-width: 446px) 100vw, 446px\" \/><\/figure>\n\n\n\n<h3 class=\"wp-block-heading has-text-align-center no-margin-bottom\"><strong>Mat\u00e9riel carrosserie<\/strong><\/h3>\n\n\n\n<p class=\"has-text-align-center box-padding no-margin\">Tout le mat\u00e9riel n\u00e9cessaire pour une r\u00e9paration parfaite de la carrosserie de tout type d\u2019automobile.<\/p>\n\n\n\n<div class=\"wp-block-buttons is-content-justification-center is-layout-flex wp-container-core-buttons-is-layout-16018d1d wp-block-buttons-is-layout-flex\">\n<div class=\"wp-block-button\" data-aos=\"slide-up\" data-aos-delay=\"200\"><a class=\"wp-block-button__link has-white-color has-text-color has-background has-link-color wp-element-button\" href=\"https:\/\/aasa.ch\/update24\/fr\/produits#carrozzeria\" style=\"border-radius:5px;background-color:#7899a3\">D\u00c9TAILS<\/a><\/div>\n<\/div>\n<\/div>\n\n\n\n<div class=\"wp-block-column has-white-background-color has-text-color has-background has-link-color wp-elements-c1564b3c8ca853271c3c8e0394bdfb14 is-layout-flow wp-block-column-is-layout-flow\" style=\"color:#333333\">\n<figure class=\"wp-block-image size-full\"><img loading=\"lazy\" decoding=\"async\" width=\"446\" height=\"260\" src=\"https:\/\/aasa.ch\/update24\/wp-content\/uploads\/2024\/09\/box-attrezzatura.jpg\" alt=\"\" class=\"wp-image-91\" style=\"object-fit:cover\" srcset=\"https:\/\/aasa.ch\/update24\/wp-content\/uploads\/2024\/09\/box-attrezzatura.jpg 446w, https:\/\/aasa.ch\/update24\/wp-content\/uploads\/2024\/09\/box-attrezzatura-250x146.jpg 250w\" sizes=\"auto, (max-width: 446px) 100vw, 446px\" \/><\/figure>\n\n\n\n<h3 class=\"wp-block-heading has-text-align-center no-margin-bottom\"><strong>\u00c9quipement<\/strong><\/h3>\n\n\n\n<p class=\"has-text-align-center box-padding no-margin\">Le bon \u00e9quipement pour ex\u00e9cuter n\u2019importe quelle op\u00e9ration d\u2019entretien ou de r\u00e9paration sans perdre de temps.<\/p>\n\n\n\n<div class=\"wp-block-buttons is-content-justification-center is-layout-flex wp-container-core-buttons-is-layout-16018d1d wp-block-buttons-is-layout-flex\">\n<div class=\"wp-block-button\" data-aos=\"slide-up\" data-aos-delay=\"400\"><a class=\"wp-block-button__link has-white-color has-text-color has-background has-link-color wp-element-button\" href=\"https:\/\/aasa.ch\/update24\/fr\/produits#attrezzatura\" style=\"border-radius:5px;background-color:#7899a3\">D\u00c9TAILS<\/a><\/div>\n<\/div>\n<\/div>\n<\/div>\n\n\n\n<div class=\"wp-block-columns dark wrapper content-padding is-layout-flex wp-container-core-columns-is-layout-9d6595d7 wp-block-columns-is-layout-flex\">\n<div class=\"wp-block-column is-layout-flow wp-block-column-is-layout-flow\">\n<h2 class=\"wp-block-heading\" id=\"fancy-title-53\">Autoaccessorio SA<\/h2>\n\n\n\n<p>D\u00e9ploy\u00e9e sur une superficie de plus de 5.000 m\u00b2, avec un entrep\u00f4t abritant plus de 100.000 articles et un magasin agrandi depuis peu, la soci\u00e9t\u00e9 offre depuis plus de 55 ans \u00e0 ses 10.000 clients provenant de toute la Suisse des pi\u00e8ces de rechange pour tous les v\u00e9hicules, des pi\u00e8ces d\u2019usure et des consommables pour le secteur de la carrosserie, de l\u2019industrie nautique et du b\u00e2timent, des pneus, des lubrifiants, des \u00e9quipements ou encore des machines agricoles avec leurs pi\u00e8ces de rechange et accessoires.<\/p>\n\n\n\n<p>Des chiffres consid\u00e9rables qui nous permettent d\u2019offrir un excellent service depuis notre si\u00e8ge unique de Bedano.<\/p>\n\n\n\n<div class=\"wp-block-buttons is-layout-flex wp-block-buttons-is-layout-flex\">\n<div class=\"wp-block-button is-style-outline is-style-outline--1\" data-aos=\"slide-up\"><a class=\"wp-block-button__link wp-element-button\" href=\"https:\/\/aasa.ch\/update24\/fr\/contacts\/\" style=\"border-radius:5px\">Contacts<\/a><\/div>\n<\/div>\n<\/div>\n\n\n\n<div class=\"wp-block-column is-vertically-aligned-center is-layout-flow wp-block-column-is-layout-flow\">\n<div class=\"wp-block-columns is-not-stacked-on-mobile is-layout-flex wp-container-core-columns-is-layout-9d6595d7 wp-block-columns-is-layout-flex\">\n<div class=\"wp-block-column is-layout-flow wp-block-column-is-layout-flow\"><div class=\"wp-block-image\">\n<figure class=\"aligncenter size-full\"><img loading=\"lazy\" decoding=\"async\" width=\"208\" height=\"90\" src=\"https:\/\/aasa.ch\/update24\/wp-content\/uploads\/2024\/09\/download.png\" alt=\"\" class=\"wp-image-519\"\/><\/figure>\n<\/div><\/div>\n\n\n\n<div class=\"wp-block-column is-layout-flow wp-block-column-is-layout-flow\"><div class=\"wp-block-image\">\n<figure class=\"aligncenter size-full\"><img loading=\"lazy\" decoding=\"async\" width=\"208\" height=\"90\" src=\"https:\/\/aasa.ch\/update24\/wp-content\/uploads\/2024\/09\/meclube.png\" alt=\"\" class=\"wp-image-522\"\/><\/figure>\n<\/div><\/div>\n\n\n\n<div class=\"wp-block-column is-layout-flow wp-block-column-is-layout-flow\"><div class=\"wp-block-image\">\n<figure class=\"aligncenter size-full\"><img loading=\"lazy\" decoding=\"async\" width=\"208\" height=\"90\" src=\"https:\/\/aasa.ch\/update24\/wp-content\/uploads\/2024\/09\/caron.png\" alt=\"\" class=\"wp-image-525\"\/><\/figure>\n<\/div><\/div>\n<\/div>\n\n\n\n<div class=\"wp-block-columns is-not-stacked-on-mobile is-layout-flex wp-container-core-columns-is-layout-9d6595d7 wp-block-columns-is-layout-flex\">\n<div class=\"wp-block-column is-layout-flow wp-block-column-is-layout-flow\"><div class=\"wp-block-image\">\n<figure class=\"aligncenter size-full\"><img loading=\"lazy\" decoding=\"async\" width=\"208\" height=\"90\" src=\"https:\/\/aasa.ch\/update24\/wp-content\/uploads\/2024\/09\/mirka.png\" alt=\"\" class=\"wp-image-528\"\/><\/figure>\n<\/div><\/div>\n\n\n\n<div class=\"wp-block-column is-layout-flow wp-block-column-is-layout-flow\"><div class=\"wp-block-image\">\n<figure class=\"aligncenter size-full\"><img loading=\"lazy\" decoding=\"async\" width=\"208\" height=\"90\" src=\"https:\/\/aasa.ch\/update24\/wp-content\/uploads\/2024\/09\/icr.png\" alt=\"\" class=\"wp-image-531\"\/><\/figure>\n<\/div><\/div>\n\n\n\n<div class=\"wp-block-column is-layout-flow wp-block-column-is-layout-flow\"><div class=\"wp-block-image\">\n<figure class=\"aligncenter size-full\"><img loading=\"lazy\" decoding=\"async\" width=\"208\" height=\"90\" src=\"https:\/\/aasa.ch\/update24\/wp-content\/uploads\/2024\/09\/abrex.png\" alt=\"\" class=\"wp-image-534\"\/><\/figure>\n<\/div><\/div>\n<\/div>\n<\/div>\n<\/div>\n<\/div>\n<\/div>\n\n\n\n<div class=\"wp-block-columns alignfull macchine-agricole-home is-layout-flex wp-container-core-columns-is-layout-9d6595d7 wp-block-columns-is-layout-flex\">\n<div class=\"wp-block-column is-layout-flow wp-block-column-is-layout-flow\">\n<div class=\"wp-block-columns wrapper content-padding is-layout-flex wp-container-core-columns-is-layout-9d6595d7 wp-block-columns-is-layout-flex\">\n<div class=\"wp-block-column is-layout-flow wp-block-column-is-layout-flow\">\n<h2 class=\"wp-block-heading bigger\"><strong>Machines et accessoires agricoles<\/strong><\/h2>\n\n\n\n<h2 class=\"wp-block-heading\"><strong>L\u2019excellence pour l\u2019agriculture<\/strong><\/h2>\n\n\n\n<p>Des v\u00e9hicules agricoles tout-terrain pour travailler en toute s\u00e9curit\u00e9, avec une maniabilit\u00e9 et une fiabilit\u00e9 optimales. Gr\u00e2ce \u00e0 leurs caract\u00e9ristiques, ils peuvent affronter tout type de terrain.<\/p>\n\n\n\n<p>Des dispositifs de relevage hydrauliques et des prises de force permettent de monter et de remplacer dans les v\u00e9hicules diff\u00e9rents \u00e9quipements agricoles, de fa\u00e7on simple et rapide.<\/p>\n\n\n\n<div class=\"wp-block-buttons is-layout-flex wp-block-buttons-is-layout-flex\">\n<div class=\"wp-block-button\" data-aos=\"slide-up\"><a class=\"wp-block-button__link has-white-color has-text-color has-background has-link-color wp-element-button\" href=\"https:\/\/aasa.ch\/update24\/fr\/machines-agricoles\/\" style=\"border-radius:5px;background-color:#e63946\">EN SAVOIR PLUS<\/a><\/div>\n<\/div>\n<\/div>\n\n\n\n<div class=\"wp-block-column is-layout-flow wp-block-column-is-layout-flow\"><\/div>\n<\/div>\n<\/div>\n<\/div>\n\n\n\n<div class=\"wp-block-columns alignfull content-padding-bottom has-background is-layout-flex wp-container-core-columns-is-layout-9d6595d7 wp-block-columns-is-layout-flex\" style=\"background:linear-gradient(0deg,rgb(120,154,164) 0%,rgb(54,65,86) 100%)\">\n<div class=\"wp-block-column is-layout-flow wp-block-column-is-layout-flow\">\n<div class=\"wp-block-columns dark wrapper content-padding center is-layout-flex wp-container-core-columns-is-layout-9d6595d7 wp-block-columns-is-layout-flex\">\n<div class=\"wp-block-column is-layout-flow wp-block-column-is-layout-flow\">\n<h2 class=\"wp-block-heading bigger\"><strong>Nos services<\/strong><\/h2>\n\n\n\n<p>Gr\u00e2ce \u00e0 notre nouveau magasin que nous venons tout juste d\u2019agrandir, \u00e0 notre entrep\u00f4t abritant plus de 100.000 produits disponibles, \u00e0 nos conseillers sp\u00e9cialis\u00e9s et \u00e0 notre service apr\u00e8s-vente hautement qualifi\u00e9, nous sommes \u00e0 m\u00eame de garantir un service optimal aux particuliers et aux professionnels.<\/p>\n<\/div>\n<\/div>\n\n\n\n<div class=\"wp-block-columns dark wrapper center content-padding-bottom is-layout-flex wp-container-core-columns-is-layout-9d6595d7 wp-block-columns-is-layout-flex\">\n<div class=\"wp-block-column is-layout-flow wp-block-column-is-layout-flow\"><div class=\"wp-block-image\">\n<figure class=\"aligncenter size-full is-resized\" data-aos=\"slide-up\"><img loading=\"lazy\" decoding=\"async\" width=\"512\" height=\"512\" src=\"https:\/\/aasa.ch\/update24\/wp-content\/uploads\/2024\/09\/message.png\" alt=\"\" class=\"wp-image-137\" style=\"width:80px\" srcset=\"https:\/\/aasa.ch\/update24\/wp-content\/uploads\/2024\/09\/message.png 512w, https:\/\/aasa.ch\/update24\/wp-content\/uploads\/2024\/09\/message-250x250.png 250w, https:\/\/aasa.ch\/update24\/wp-content\/uploads\/2024\/09\/message-150x150.png 150w\" sizes=\"auto, (max-width: 512px) 100vw, 512px\" \/><\/figure>\n<\/div>\n\n\n<div style=\"height:20px\" aria-hidden=\"true\" class=\"wp-block-spacer\"><\/div>\n\n\n\n<h3 class=\"wp-block-heading\" data-aos=\"slide-up\">Conseil sp\u00e9cialis\u00e9<\/h3>\n\n\n\n<p>Notre \u00e9quipe est \u00e0 votre disposition pour un conseil sur mesure, depuis l\u2019\u00e9laboration du projet jusqu\u2019au choix du produit le plus adapt\u00e9 \u00e0 vos exigences.<\/p>\n<\/div>\n\n\n\n<div class=\"wp-block-column is-layout-flow wp-block-column-is-layout-flow\"><div class=\"wp-block-image\">\n<figure class=\"aligncenter size-full is-resized\" data-aos=\"slide-up\" data-aos-delay=\"250\"><img loading=\"lazy\" decoding=\"async\" width=\"512\" height=\"512\" src=\"https:\/\/aasa.ch\/update24\/wp-content\/uploads\/2024\/09\/cart.png\" alt=\"\" class=\"wp-image-138\" style=\"width:80px\" srcset=\"https:\/\/aasa.ch\/update24\/wp-content\/uploads\/2024\/09\/cart.png 512w, https:\/\/aasa.ch\/update24\/wp-content\/uploads\/2024\/09\/cart-250x250.png 250w, https:\/\/aasa.ch\/update24\/wp-content\/uploads\/2024\/09\/cart-150x150.png 150w\" sizes=\"auto, (max-width: 512px) 100vw, 512px\" \/><\/figure>\n<\/div>\n\n\n<div style=\"height:20px\" aria-hidden=\"true\" class=\"wp-block-spacer\"><\/div>\n\n\n\n<h3 class=\"wp-block-heading\" data-aos=\"slide-up\" data-aos-delay=\"250\">Vente directe<\/h3>\n\n\n\n<p>Le vaste assortiment de pi\u00e8ces et la garantie d\u2019un service professionnel nous ont permis de satisfaire jusqu\u2019\u00e0 pr\u00e9sent plus de 10.000 clients.<\/p>\n<\/div>\n\n\n\n<div class=\"wp-block-column is-layout-flow wp-block-column-is-layout-flow\"><div class=\"wp-block-image\">\n<figure class=\"aligncenter size-full is-resized\" data-aos=\"slide-up\" data-aos-delay=\"500\"><img loading=\"lazy\" decoding=\"async\" width=\"512\" height=\"512\" src=\"https:\/\/aasa.ch\/update24\/wp-content\/uploads\/2024\/09\/like.png\" alt=\"\" class=\"wp-image-139\" style=\"width:80px\" srcset=\"https:\/\/aasa.ch\/update24\/wp-content\/uploads\/2024\/09\/like.png 512w, https:\/\/aasa.ch\/update24\/wp-content\/uploads\/2024\/09\/like-250x250.png 250w, https:\/\/aasa.ch\/update24\/wp-content\/uploads\/2024\/09\/like-150x150.png 150w\" sizes=\"auto, (max-width: 512px) 100vw, 512px\" \/><\/figure>\n<\/div>\n\n\n<div style=\"height:20px\" aria-hidden=\"true\" class=\"wp-block-spacer\"><\/div>\n\n\n\n<h3 class=\"wp-block-heading\" data-aos=\"slide-up\" data-aos-delay=\"500\">Service apr\u00e8s-vente<\/h3>\n\n\n\n<p>Nous travaillons en contact \u00e9troit avec les producteurs et les fournisseurs de toutes les marques, ce qui nous permet de garantir un excellent service apr\u00e8s-vente.<\/p>\n<\/div>\n<\/div>\n\n\n\n<div class=\"wp-block-buttons is-content-justification-center is-layout-flex wp-container-core-buttons-is-layout-16018d1d wp-block-buttons-is-layout-flex\">\n<div class=\"wp-block-button is-style-outline is-style-outline--2\" data-aos=\"slide-up\"><a class=\"wp-block-button__link has-white-color has-text-color has-link-color wp-element-button\" href=\"https:\/\/aasa.ch\/update24\/servizi\/\" style=\"border-radius:5px\"><strong>D\u00c9COUVREZ TOUS LES SERVICES<\/strong><\/a><\/div>\n<\/div>\n<\/div>\n<\/div>\n\n\n\n<div class=\"wp-block-cover alignfull content-padding\"><img loading=\"lazy\" decoding=\"async\" width=\"2121\" height=\"1124\" class=\"wp-block-cover__image-background wp-image-89\" alt=\"\" src=\"https:\/\/aasa.ch\/update24\/wp-content\/uploads\/2024\/09\/fascia-feedback.jpg\" data-object-fit=\"cover\" srcset=\"https:\/\/aasa.ch\/update24\/wp-content\/uploads\/2024\/09\/fascia-feedback.jpg 2121w, https:\/\/aasa.ch\/update24\/wp-content\/uploads\/2024\/09\/fascia-feedback-250x132.jpg 250w, https:\/\/aasa.ch\/update24\/wp-content\/uploads\/2024\/09\/fascia-feedback-600x318.jpg 600w, https:\/\/aasa.ch\/update24\/wp-content\/uploads\/2024\/09\/fascia-feedback-1024x543.jpg 1024w, https:\/\/aasa.ch\/update24\/wp-content\/uploads\/2024\/09\/fascia-feedback-768x407.jpg 768w, https:\/\/aasa.ch\/update24\/wp-content\/uploads\/2024\/09\/fascia-feedback-1536x814.jpg 1536w, https:\/\/aasa.ch\/update24\/wp-content\/uploads\/2024\/09\/fascia-feedback-2048x1085.jpg 2048w\" sizes=\"auto, (max-width: 2121px) 100vw, 2121px\" \/><span aria-hidden=\"true\" class=\"wp-block-cover__background has-background-dim-70 has-background-dim\" style=\"background-color:#727d99\"><\/span><div class=\"wp-block-cover__inner-container is-layout-constrained wp-block-cover-is-layout-constrained\">\n<p class=\"has-text-align-center has-large-font-size\">Plus de<\/p>\n\n\n\n<p class=\"has-text-align-center has-large-font-size\"><strong>10.000 clients<\/strong> satisfaits<\/p>\n\n\n\n<p class=\"has-text-align-center narrow-wrapper\"><strong><em>Chez AUTOACCESSORIO SA, j\u2019ai trouv\u00e9 un partenaire de confiance pour l\u2019achat d\u2019\u00e9quipement de travail professionnel et de pi\u00e8ces de rechange automobiles de haute qualit\u00e9 pour mon garage.<\/em><\/strong><\/p>\n\n\n\n<div style=\"height:40px\" aria-hidden=\"true\" class=\"wp-block-spacer\"><\/div>\n\n\n\n<p class=\"has-text-align-center has-small-font-size\"><strong>Tony M.<\/strong><\/p>\n\n\n\n<p class=\"has-text-align-center has-small-font-size\"><em>Chef d\u2019atelier<\/em><\/p>\n<\/div><\/div>\n\n\n\n<div class=\"wp-block-columns alignfull less-content-padding center-mobile has-background is-layout-flex wp-container-core-columns-is-layout-9d6595d7 wp-block-columns-is-layout-flex\" style=\"background-color:#e63946\">\n<div class=\"wp-block-column is-layout-flow wp-block-column-is-layout-flow\">\n<div class=\"wp-block-columns dark wrapper is-layout-flex wp-container-core-columns-is-layout-9d6595d7 wp-block-columns-is-layout-flex\">\n<div class=\"wp-block-column is-layout-flow wp-block-column-is-layout-flow\" style=\"flex-basis:66.66%\">\n<h2 class=\"wp-block-heading bigger normal\">Demandez une offre sans engagement<\/h2>\n\n\n\n<h3 class=\"wp-block-heading\" id=\"fancy-title-97\">Exposez-nous votre projet et laissez-vous guider par l\u2019un de nos conseillers.<\/h3>\n<\/div>\n\n\n\n<div class=\"wp-block-column is-vertically-aligned-center is-layout-flow wp-block-column-is-layout-flow\" style=\"flex-basis:33.33%\">\n<div class=\"wp-block-buttons is-content-justification-center is-layout-flex wp-container-core-buttons-is-layout-16018d1d wp-block-buttons-is-layout-flex\">\n<div class=\"wp-block-button is-style-outline is-style-outline--3\" data-aos=\"slide-up\"><a class=\"wp-block-button__link wp-element-button\" href=\"https:\/\/aasa.ch\/update24\/fr\/contacts\/\" style=\"border-radius:5px\"><strong>DEMANDEZ D\u00c8S MAINTENANT<\/strong><\/a><\/div>\n<\/div>\n<\/div>\n<\/div>\n<\/div>\n<\/div>\n","protected":false},"excerpt":{"rendered":"Pi\u00e8ces de rechange automobiles Une s\u00e9lection de pi\u00e8ces de rechange pour les voitures des meilleures marques, choisies pour leur qualit\u00e9 et leur garantie. Mat\u00e9riel carrosserie Tout le mat\u00e9riel n\u00e9cessaire pour une r\u00e9paration parfaite de la carrosserie de tout type d\u2019automobile. \u00c9quipement Le bon \u00e9quipement pour ex\u00e9cuter n\u2019importe quelle op\u00e9ration d\u2019entretien ou de r\u00e9paration sans perdre&#8230; <a class=\"view-article\" href=\"https:\/\/aasa.ch\/fr\/\">Voir l&rsquo;article<\/a>","protected":false},"author":1,"featured_media":0,"parent":0,"menu_order":0,"comment_status":"closed","ping_status":"closed","template":"template-home.php","meta":{"inline_featured_image":false,"footnotes":""},"class_list":["post-514","page","type-page","status-publish","hentry"],"_links":{"self":[{"href":"https:\/\/aasa.ch\/fr\/wp-json\/wp\/v2\/pages\/514","targetHints":{"allow":["GET"]}}],"collection":[{"href":"https:\/\/aasa.ch\/fr\/wp-json\/wp\/v2\/pages"}],"about":[{"href":"https:\/\/aasa.ch\/fr\/wp-json\/wp\/v2\/types\/page"}],"author":[{"embeddable":true,"href":"https:\/\/aasa.ch\/fr\/wp-json\/wp\/v2\/users\/1"}],"replies":[{"embeddable":true,"href":"https:\/\/aasa.ch\/fr\/wp-json\/wp\/v2\/comments?post=514"}],"version-history":[{"count":5,"href":"https:\/\/aasa.ch\/fr\/wp-json\/wp\/v2\/pages\/514\/revisions"}],"predecessor-version":[{"id":1140,"href":"https:\/\/aasa.ch\/fr\/wp-json\/wp\/v2\/pages\/514\/revisions\/1140"}],"wp:attachment":[{"href":"https:\/\/aasa.ch\/fr\/wp-json\/wp\/v2\/media?parent=514"}],"curies":[{"name":"wp","href":"https:\/\/api.w.org\/{rel}","templated":true}]}}