{"id":549,"date":"2024-09-13T10:34:51","date_gmt":"2024-09-13T08:34:51","guid":{"rendered":"https:\/\/aasa.ch\/update24\/servizi\/"},"modified":"2024-09-23T12:16:43","modified_gmt":"2024-09-23T10:16:43","slug":"servizi","status":"publish","type":"page","link":"https:\/\/aasa.ch\/fr\/servizi\/","title":{"rendered":"Services"},"content":{"rendered":"\n<div class=\"wp-block-cover alignfull cover-home has-white-color has-text-color has-link-color wp-elements-fa7efc436df228d65292f36418756c0d\"><span aria-hidden=\"true\" class=\"wp-block-cover__background has-background-dim-70 has-background-dim\" style=\"background-color:#272e3b\"><\/span><img loading=\"lazy\" decoding=\"async\" width=\"2000\" height=\"638\" class=\"wp-block-cover__image-background wp-image-243\" alt=\"\" src=\"https:\/\/aasa.ch\/update24\/wp-content\/uploads\/2024\/09\/testata-aasa-servizi.jpg\" data-object-fit=\"cover\" srcset=\"https:\/\/aasa.ch\/update24\/wp-content\/uploads\/2024\/09\/testata-aasa-servizi.jpg 2000w, https:\/\/aasa.ch\/update24\/wp-content\/uploads\/2024\/09\/testata-aasa-servizi-250x80.jpg 250w, https:\/\/aasa.ch\/update24\/wp-content\/uploads\/2024\/09\/testata-aasa-servizi-600x191.jpg 600w, https:\/\/aasa.ch\/update24\/wp-content\/uploads\/2024\/09\/testata-aasa-servizi-1024x327.jpg 1024w, https:\/\/aasa.ch\/update24\/wp-content\/uploads\/2024\/09\/testata-aasa-servizi-768x245.jpg 768w, https:\/\/aasa.ch\/update24\/wp-content\/uploads\/2024\/09\/testata-aasa-servizi-1536x490.jpg 1536w\" sizes=\"auto, (max-width: 2000px) 100vw, 2000px\" \/><div class=\"wp-block-cover__inner-container is-layout-constrained wp-block-cover-is-layout-constrained\">\n<div class=\"wp-block-columns wrapper content-padding first-content is-layout-flex wp-container-core-columns-is-layout-9d6595d7 wp-block-columns-is-layout-flex\">\n<div class=\"wp-block-column is-layout-flow wp-block-column-is-layout-flow\">\n<h1 class=\"wp-block-heading has-text-align-center normal\">Services<\/h1>\n\n\n\n<h2 class=\"wp-block-heading has-text-align-center bigger no-margin-bottom\" data-aos=\"zoom-out\" data-aos-duration=\"500\"><strong>Pourquoi choisir AUTOACCESSORIO SA<\/strong><div class=\"mk-page-section-wrapper\" style=\"margin: 0px -15px; padding: 0px; border: 0px; vertical-align: baseline; font-size: 15px; display: flex; -webkit-box-orient: horizontal; -webkit-box-direction: normal; flex-direction: row; color: rgb(51, 51, 51); font-family: &quot;Open Sans&quot;; font-weight: 400; text-align: start; white-space-collapse: collapse; position: relative; width: 1466px; left: -38px;\" data-mk-full-width=\"true\" data-mk-full-width-init=\"true\" data-mk-stretch-content=\"true\"><\/div><div class=\"mk-page-section-wrapper\" data-mk-full-width=\"true\" data-mk-full-width-init=\"true\" data-mk-stretch-content=\"true\" style=\"margin: 0px -15px; padding: 0px; border: 0px; vertical-align: baseline; font-size: 15px; display: flex; -webkit-box-orient: horizontal; -webkit-box-direction: normal; flex-direction: row; color: rgb(51, 51, 51); font-family: &quot;Open Sans&quot;; font-weight: 400; text-align: start; white-space-collapse: collapse; position: relative; width: 2100px; left: -355px;\"><\/div><\/h2>\n<\/div>\n<\/div>\n<\/div><\/div>\n\n\n\n<div class=\"wp-block-columns alignfull narrow-wrapper content-padding is-layout-flex wp-container-core-columns-is-layout-9d6595d7 wp-block-columns-is-layout-flex\">\n<div class=\"wp-block-column is-layout-flow wp-block-column-is-layout-flow\">\n<p>Gr\u00e2ce \u00e0 notre nouveau magasin que nous venons tout juste d\u2019agrandir, \u00e0 notre entrep\u00f4t abritant plus de 100&nbsp;000&nbsp;produits disponibles, \u00e0 nos conseillers sp\u00e9cialis\u00e9s et \u00e0 notre service apr\u00e8s-vente hautement qualifi\u00e9, nous sommes \u00e0 m\u00eame de garantir un service optimal et ponctuel, en satisfaisant les exigences d\u2019un march\u00e9 en perp\u00e9tuelle \u00e9volution.<\/p>\n\n\n\n<p>Chaque jour, nous fournissons nos produits aux ateliers de carrosserie, aux garages, aux entreprises de peinture, aux chantiers navals, aux menuiseries et \u00e0 de nombreux autres professionnels.<\/p>\n<\/div>\n\n\n\n<div class=\"wp-block-column is-layout-flow wp-block-column-is-layout-flow\">\n<p>Les exp\u00e9ditions sont rapides et s\u00fbres, et sont effectu\u00e9es partout en Suisse, au moyen de nos v\u00e9hicules dans le Tessin et par le biais d\u2019un service d\u2019exp\u00e9dition H24 au nord des Alpes.<\/p>\n\n\n\n<p>Nous disposons en outre de 10 conseillers de vente r\u00e9partis sur tout le territoire, comp\u00e9tents, chaque jour sur le terrain et \u00e0 votre enti\u00e8re disposition.<\/p>\n<\/div>\n<\/div>\n\n\n\n<div class=\"wp-block-columns alignfull no-gap reverse is-layout-flex wp-container-core-columns-is-layout-9d6595d7 wp-block-columns-is-layout-flex\">\n<div class=\"wp-block-column wrap-left content-padding has-background is-layout-flow wp-block-column-is-layout-flow\" style=\"background-color:#abb7c233\">\n<h2 class=\"wp-block-heading\" id=\"fancy-title-20\">Conseil sp\u00e9cialis\u00e9<\/h2>\n\n\n\n<p>Notre \u00e9quipe est \u00e0 votre disposition pour un conseil sur mesure, depuis l\u2019\u00e9laboration du projet jusqu\u2019au choix du produit le plus adapt\u00e9 \u00e0 vos exigences. Nos conseillers r\u00e9pondront \u00e0 toutes vos questions et satisferont toutes vos exigences.<\/p>\n\n\n\n<div class=\"wp-block-buttons is-layout-flex wp-block-buttons-is-layout-flex\">\n<div class=\"wp-block-button\" data-aos=\"slide-up\"><a class=\"wp-block-button__link has-white-color has-text-color has-background has-link-color wp-element-button\" href=\"https:\/\/aasa.ch\/update24\/fr\/contacts\/\" style=\"border-radius:5px;background-color:#e63946\"><strong>NOUS CONTACTER<\/strong><\/a><\/div>\n<\/div>\n<\/div>\n\n\n\n<div class=\"wp-block-column bg-consulenza is-layout-flow wp-block-column-is-layout-flow\" style=\"flex-basis:50%\"><\/div>\n<\/div>\n\n\n\n<div class=\"wp-block-columns alignfull no-gap is-layout-flex wp-container-core-columns-is-layout-9d6595d7 wp-block-columns-is-layout-flex\">\n<div class=\"wp-block-column bg-vendita is-layout-flow wp-block-column-is-layout-flow\" style=\"flex-basis:50%\"><\/div>\n\n\n\n<div class=\"wp-block-column wrap-right content-padding has-background is-layout-flow wp-block-column-is-layout-flow\" style=\"background-color:#abb7c233\">\n<h2 class=\"wp-block-heading\" id=\"fancy-title-20\">Vente directe<\/h2>\n\n\n\n<p>Notre magasin offrant un vaste assortiment de pi\u00e8ces de rechange des meilleures marques et la garantie d\u2019un service professionnel nous ont permis de satisfaire jusqu\u2019\u00e0 ce jour plus de 10.000 clients. Voulez-vous \u00eatre le prochain?<\/p>\n\n\n\n<div class=\"wp-block-buttons is-layout-flex wp-block-buttons-is-layout-flex\">\n<div class=\"wp-block-button\" data-aos=\"slide-up\"><a class=\"wp-block-button__link has-white-color has-text-color has-background has-link-color wp-element-button\" href=\"https:\/\/aasa.ch\/update24\/fr\/contacts\/\" style=\"border-radius:5px;background-color:#e63946\"><strong>NOUS CONTACTER<\/strong><\/a><\/div>\n<\/div>\n<\/div>\n<\/div>\n\n\n\n<div class=\"wp-block-columns alignfull no-gap reverse is-layout-flex wp-container-core-columns-is-layout-9d6595d7 wp-block-columns-is-layout-flex\">\n<div class=\"wp-block-column wrap-left content-padding has-background is-layout-flow wp-block-column-is-layout-flow\" style=\"background-color:#abb7c233\">\n<h2 class=\"wp-block-heading\" id=\"fancy-title-20\">Service apr\u00e8s-vente<\/h2>\n\n\n\n<p>Il existe de nombreux distributeurs de pi\u00e8ces de rechange automobiles, mais seuls certains se distinguent par la qualit\u00e9 de l\u2019assistance offerte&nbsp;! Nous travaillons en contact \u00e9troit avec les producteurs et les fournisseurs de toutes les marques, ce qui nous permet de garantir un excellent service apr\u00e8s-vente.<\/p>\n\n\n\n<div class=\"wp-block-buttons is-layout-flex wp-block-buttons-is-layout-flex\">\n<div class=\"wp-block-button\" data-aos=\"slide-up\"><a class=\"wp-block-button__link has-white-color has-text-color has-background has-link-color wp-element-button\" href=\"https:\/\/aasa.ch\/update24\/fr\/contacts\/\" style=\"border-radius:5px;background-color:#e63946\"><strong>NOUS CONTACTER<\/strong><\/a><\/div>\n<\/div>\n<\/div>\n\n\n\n<div class=\"wp-block-column bg-postvendita is-layout-flow wp-block-column-is-layout-flow\" style=\"flex-basis:50%\"><\/div>\n<\/div>\n","protected":false},"excerpt":{"rendered":"Gr\u00e2ce \u00e0 notre nouveau magasin que nous venons tout juste d\u2019agrandir, \u00e0 notre entrep\u00f4t abritant plus de 100&nbsp;000&nbsp;produits disponibles, \u00e0 nos conseillers sp\u00e9cialis\u00e9s et \u00e0 notre service apr\u00e8s-vente hautement qualifi\u00e9, nous sommes \u00e0 m\u00eame de garantir un service optimal et ponctuel, en satisfaisant les exigences d\u2019un march\u00e9 en perp\u00e9tuelle \u00e9volution. Chaque jour, nous fournissons nos&#8230; <a class=\"view-article\" href=\"https:\/\/aasa.ch\/fr\/servizi\/\">Voir l&rsquo;article<\/a>","protected":false},"author":1,"featured_media":0,"parent":0,"menu_order":0,"comment_status":"closed","ping_status":"closed","template":"template-fullwidth.php","meta":{"inline_featured_image":false,"footnotes":""},"class_list":["post-549","page","type-page","status-publish","hentry"],"_links":{"self":[{"href":"https:\/\/aasa.ch\/fr\/wp-json\/wp\/v2\/pages\/549","targetHints":{"allow":["GET"]}}],"collection":[{"href":"https:\/\/aasa.ch\/fr\/wp-json\/wp\/v2\/pages"}],"about":[{"href":"https:\/\/aasa.ch\/fr\/wp-json\/wp\/v2\/types\/page"}],"author":[{"embeddable":true,"href":"https:\/\/aasa.ch\/fr\/wp-json\/wp\/v2\/users\/1"}],"replies":[{"embeddable":true,"href":"https:\/\/aasa.ch\/fr\/wp-json\/wp\/v2\/comments?post=549"}],"version-history":[{"count":1,"href":"https:\/\/aasa.ch\/fr\/wp-json\/wp\/v2\/pages\/549\/revisions"}],"predecessor-version":[{"id":552,"href":"https:\/\/aasa.ch\/fr\/wp-json\/wp\/v2\/pages\/549\/revisions\/552"}],"wp:attachment":[{"href":"https:\/\/aasa.ch\/fr\/wp-json\/wp\/v2\/media?parent=549"}],"curies":[{"name":"wp","href":"https:\/\/api.w.org\/{rel}","templated":true}]}}